{"id":10380,"date":"2018-12-17T13:20:57","date_gmt":"2018-12-17T13:20:57","guid":{"rendered":"https:\/\/prodrun.com\/erp\/?page_id=10380"},"modified":"2019-11-22T07:15:23","modified_gmt":"2019-11-22T07:15:23","slug":"anasayfa","status":"publish","type":"page","link":"https:\/\/prodrun.com\/erp\/anasayfa\/","title":{"rendered":"Anasayfa"},"content":{"rendered":"<p>[vc_row full_width=&#8221;stretch_row_content_no_spaces&#8221;][vc_column][rev_slider_vc alias=&#8221;turkish-slide&#8221;][\/vc_column][\/vc_row][vc_row css=&#8221;.vc_custom_1543099383945{padding-top: 65px !important;}&#8221;][vc_column]<div class=\"section-title title-block title-style-1 text-left\"><span class=\"top-title\"><\/span><h2 class=\"title\">\u00dcretim Sekt\u00f6r\u00fcnde G\u00fc\u00e7l\u00fc Kalmak \u0130\u00e7in<\/h2><div class=\"sub-title\">Prodrun, \u00fcretim yapan i\u015fletmeler i\u00e7in \u00f6nemli t\u00fcm mod\u00fcllere sahiptir<\/div><span class=\"bottom-title\"><\/span><\/div>[\/vc_column][\/vc_row][vc_row css=&#8221;.vc_custom_1543099426447{margin-top: -20px !important;padding-bottom: 50px !important;}&#8221;][vc_column css=&#8221;.vc_custom_1476157095062{margin-top: -20px !important;}&#8221;]<div class=\"amwal-services-carousel  services-style-2\">\n            \t<div class=\"owl-services-list\" id=\"services-carousel-69d38aaa2c339\">\n            \t\t<div class=\"item-services has-bg\"><div class=\"service-content\"><img alt=\"\" src=\"https:\/\/prodrun.com\/erp\/wp-content\/uploads\/2016\/11\/portfolio-img-1.jpg\"> <div class=\"service-bg\" style=\"background-image: url(https:\/\/prodrun.com\/erp\/wp-content\/uploads\/2016\/11\/portfolio-img-1.jpg)\"><\/div> <div class=\"service-box-content\">  <span class=\"b-icon fa fa-sitemap\"><\/span> <h4 class=\"title\"><a href=\"https:\/\/prodrun.com\/erp\/tr\/ozellikler\/urun-yonetimi\/\" class=\"title-link\">\n\t\t\t\t\t\t\u00dcr\u00fcn Y\u00f6netimi\n\t\t\t\t\t<\/a><\/h4> <div class=\"desc\"><p>\u00dcr\u00fcn a\u011fac\u0131, operasyonlar, hedef s\u00fcreler, teknik \u00e7izimler, \u00fcr\u00fcn gruplar\u0131 gibi pek \u00e7ok detay\u0131 y\u00f6netebilirsiniz.<\/p>\n<\/div> <a href=\"https:\/\/prodrun.com\/erp\/tr\/ozellikler\/urun-yonetimi\/\" class=\"view-more\" >Devam\u0131n\u0131 oku<\/a> <\/div><\/div><\/div> <div class=\"item-services has-bg\"><div class=\"service-content\"><img alt=\"\" src=\"https:\/\/prodrun.com\/erp\/wp-content\/uploads\/2016\/11\/portfolio-img-8.jpg\"> <div class=\"service-bg\" style=\"background-image: url(https:\/\/prodrun.com\/erp\/wp-content\/uploads\/2016\/11\/portfolio-img-8.jpg)\"><\/div> <div class=\"service-box-content\">  <span class=\"b-icon fa fa-users\"><\/span> <h4 class=\"title\"><a href=\"https:\/\/prodrun.com\/erp\/tr\/ozellikler\/musteri-yonetimi\/\" class=\"title-link\">\n\t\t\t\t\t\tM\u00fc\u015fteri Y\u00f6netimi\n\t\t\t\t\t<\/a><\/h4> <div class=\"desc\"><p>M\u00fc\u015fteri sipari\u015flerinizi \u00fcretim odakl\u0131 olan bir ERP yaz\u0131l\u0131m\u0131 ile izlemek, m\u00fc\u015fteri memnuniyetinizi art\u0131racakt\u0131r.<\/p>\n<\/div> <a href=\"https:\/\/prodrun.com\/erp\/tr\/ozellikler\/musteri-yonetimi\/\" class=\"view-more\" >Devam\u0131n\u0131 oku<\/a> <\/div><\/div><\/div> <div class=\"item-services has-bg\"><div class=\"service-content\"><img alt=\"\" src=\"https:\/\/prodrun.com\/erp\/wp-content\/uploads\/2016\/11\/portfolio-img-1.jpg\"> <div class=\"service-bg\" style=\"background-image: url(https:\/\/prodrun.com\/erp\/wp-content\/uploads\/2016\/11\/portfolio-img-1.jpg)\"><\/div> <div class=\"service-box-content\">  <span class=\"b-icon fa fa-shopping-cart\"><\/span> <h4 class=\"title\"><a href=\"https:\/\/prodrun.com\/erp\/tr\/ozellikler\/satin-alma-yonetimi\/\" class=\"title-link\">\n\t\t\t\t\t\tSat\u0131n Alma Y\u00f6netimi\n\t\t\t\t\t<\/a><\/h4> <div class=\"desc\"><p>Sat\u0131n alma s\u00fcrecini izlenebilirlik sistemine entegre etmek, t\u00fcm \u00f6nemli s\u00fcre\u00e7leri birbirine ba\u011flayacakt\u0131r.<\/p>\n<\/div> <a href=\"https:\/\/prodrun.com\/erp\/tr\/ozellikler\/satin-alma-yonetimi\/\" class=\"view-more\" >Devam\u0131n\u0131 oku<\/a> <\/div><\/div><\/div> <div class=\"item-services has-bg\"><div class=\"service-content\"><img alt=\"\" src=\"https:\/\/prodrun.com\/erp\/wp-content\/uploads\/2016\/11\/portfolio-img-8.jpg\"> <div class=\"service-bg\" style=\"background-image: url(https:\/\/prodrun.com\/erp\/wp-content\/uploads\/2016\/11\/portfolio-img-8.jpg)\"><\/div> <div class=\"service-box-content\">  <span class=\"b-icon fa fa-cubes\"><\/span> <h4 class=\"title\"><a href=\"https:\/\/prodrun.com\/erp\/tr\/ozellikler\/uretim-yonetimi\/\" class=\"title-link\">\n\t\t\t\t\t\t\u00dcretim Y\u00f6netimi\n\t\t\t\t\t<\/a><\/h4> <div class=\"desc\"><p>Operasyonlar\u0131n\u0131z\u0131n ve i\u015f istasyonlar\u0131n\u0131z\u0131n anl\u0131k durumunu g\u00f6r\u00fcn; Ayarda, duru\u015fta, i\u015flemde veya bo\u015fta bekliyor.<\/p>\n<\/div> <a href=\"https:\/\/prodrun.com\/erp\/tr\/ozellikler\/uretim-yonetimi\/\" class=\"view-more\" >Devam\u0131n\u0131 oku<\/a> <\/div><\/div><\/div> <div class=\"item-services has-bg\"><div class=\"service-content\"><img alt=\"\" src=\"https:\/\/prodrun.com\/erp\/wp-content\/uploads\/2016\/11\/portfolio-img-1.jpg\"> <div class=\"service-bg\" style=\"background-image: url(https:\/\/prodrun.com\/erp\/wp-content\/uploads\/2016\/11\/portfolio-img-1.jpg)\"><\/div> <div class=\"service-box-content\">  <span class=\"b-icon fa fa-th\"><\/span> <h4 class=\"title\"><a href=\"https:\/\/prodrun.com\/erp\/tr\/ozellikler\/stok-yonetimi\/\" class=\"title-link\">\n\t\t\t\t\t\tStok Y\u00f6netimi\n\t\t\t\t\t<\/a><\/h4> <div class=\"desc\"><p>Sat\u0131n alma kalemleri, yar\u0131 mamuller ve nihai \u00fcr\u00fcnler gibi stok seviyelerini takip etmek olduk\u00e7a basittir.<\/p>\n<\/div> <a href=\"https:\/\/prodrun.com\/erp\/tr\/ozellikler\/stok-yonetimi\/\" class=\"view-more\" >Devam\u0131n\u0131 oku<\/a> <\/div><\/div><\/div> <div class=\"item-services has-bg\"><div class=\"service-content\"><img alt=\"\" src=\"https:\/\/prodrun.com\/erp\/wp-content\/uploads\/2016\/11\/portfolio-img-8.jpg\"> <div class=\"service-bg\" style=\"background-image: url(https:\/\/prodrun.com\/erp\/wp-content\/uploads\/2016\/11\/portfolio-img-8.jpg)\"><\/div> <div class=\"service-box-content\">  <span class=\"b-icon icon-truck2\"><\/span> <h4 class=\"title\"><a href=\"https:\/\/prodrun.com\/erp\/tr\/ozellikler\/sevkiyat-yonetimi\/\" class=\"title-link\">\n\t\t\t\t\t\tSevkiyat Y\u00f6netimi\n\t\t\t\t\t<\/a><\/h4> <div class=\"desc\"><p>Sevkiyat\u0131 ger\u00e7ek zamanl\u0131 olarak takip edebilir ve i\u015fletmenizin sevkiyat performans\u0131n\u0131 g\u00f6rebilirsiniz.<\/p>\n<\/div> <a href=\"https:\/\/prodrun.com\/erp\/tr\/ozellikler\/sevkiyat-yonetimi\/\" class=\"view-more\" >Devam\u0131n\u0131 oku<\/a> <\/div><\/div><\/div> <div class=\"item-services has-bg\"><div class=\"service-content\"><img alt=\"\" src=\"https:\/\/prodrun.com\/erp\/wp-content\/uploads\/2016\/11\/portfolio-img-1.jpg\"> <div class=\"service-bg\" style=\"background-image: url(https:\/\/prodrun.com\/erp\/wp-content\/uploads\/2016\/11\/portfolio-img-1.jpg)\"><\/div> <div class=\"service-box-content\">  <span class=\"b-icon fa fa-dollar\"><\/span> <h4 class=\"title\"><a href=\"https:\/\/prodrun.com\/erp\/tr\/ozellikler\/maliyet-analizi\/\" class=\"title-link\">\n\t\t\t\t\t\tMaliyet Analizi\n\t\t\t\t\t<\/a><\/h4> <div class=\"desc\"><p>Fabrikada att\u0131\u011f\u0131n\u0131z her ad\u0131m\u0131n maddi bir kar\u015f\u0131l\u0131\u011f\u0131 olur ve bu kayb\u0131n ne kadar b\u00fcy\u00fck oldu\u011funu bilmeniz gerekir.<\/p>\n<\/div> <a href=\"https:\/\/prodrun.com\/erp\/tr\/ozellikler\/maliyet-analizi\/\" class=\"view-more\" >Devam\u0131n\u0131 oku<\/a> <\/div><\/div><\/div> <div class=\"item-services has-bg\"><div class=\"service-content\"><img alt=\"\" src=\"https:\/\/prodrun.com\/erp\/wp-content\/uploads\/2016\/11\/portfolio-img-8.jpg\"> <div class=\"service-bg\" style=\"background-image: url(https:\/\/prodrun.com\/erp\/wp-content\/uploads\/2016\/11\/portfolio-img-8.jpg)\"><\/div> <div class=\"service-box-content\">  <span class=\"b-icon fa fa-line-chart\"><\/span> <h4 class=\"title\"><a href=\"https:\/\/prodrun.com\/erp\/tr\/ozellikler\/raporlar-pano\/\" class=\"title-link\">\n\t\t\t\t\t\tRaporlar &amp; Pano\n\t\t\t\t\t<\/a><\/h4> <div class=\"desc\"><p>Her s\u00fcrecin sonunda, i\u015fletmenin veri analizi i\u00e7in hayati \u00f6neme sahip anl\u0131k raporlar\u0131 g\u00f6rebileceksiniz.<\/p>\n<\/div> <a href=\"https:\/\/prodrun.com\/erp\/tr\/ozellikler\/raporlar-pano\/\" class=\"view-more\" >Devam\u0131n\u0131 oku<\/a> <\/div><\/div><\/div> <div class=\"item-services has-bg\"><div class=\"service-content\"><img alt=\"\" src=\"https:\/\/prodrun.com\/erp\/wp-content\/uploads\/2016\/11\/portfolio-img-1.jpg\"> <div class=\"service-bg\" style=\"background-image: url(https:\/\/prodrun.com\/erp\/wp-content\/uploads\/2016\/11\/portfolio-img-1.jpg)\"><\/div> <div class=\"service-box-content\">  <span class=\"b-icon icon-tablet2\"><\/span> <h4 class=\"title\"><a href=\"https:\/\/prodrun.com\/erp\/tr\/ozellikler\/operator-arayuzu\/\" class=\"title-link\">\n\t\t\t\t\t\tOperat\u00f6r Aray\u00fcz\u00fc\n\t\t\t\t\t<\/a><\/h4> <div class=\"desc\"><p>Operat\u00f6r, \u00fcretim operasyonunu tablet aray\u00fcz\u00fcnden ba\u015flatabilir ve sahadaki her \u015feyi izleyebilirsiniz!<\/p>\n<\/div> <a href=\"https:\/\/prodrun.com\/erp\/tr\/ozellikler\/operator-arayuzu\/\" class=\"view-more\" >Devam\u0131n\u0131 oku<\/a> <\/div><\/div><\/div>\n                <\/div>\n                \n\t\t\t<\/div>[\/vc_column][\/vc_row][vc_row css=&#8221;.vc_custom_1543099401221{padding-top: 100px !important;padding-bottom: 100px !important;background-image: url(https:\/\/prodrun.com\/erp\/wp-content\/uploads\/2016\/11\/home-2-bg-cta.jpg?id=9392) !important;background-position: center !important;background-repeat: no-repeat !important;background-size: cover !important;}&#8221;][vc_column]<div class=\"amwal-call-to-action   light-text\">\n\t\t\t\t<div class=\"title\"><p>Ger\u00e7ek Zamanl\u0131 \u00dcretim Takibi<\/p>\n<\/div><a href=\"https:\/\/prodrun.com\/erp\/tr\/bize-ulasin\" class=\"view-more\" >Bize ula\u015f\u0131n<\/a>\n\t\t\t<\/div>[\/vc_column][\/vc_row][vc_row css=&#8221;.vc_custom_1543099456795{padding-top: 90px !important;}&#8221;][vc_column]<div class=\"section-title title-block title-style-1 text-center\"><span class=\"top-title\"><\/span><h2 class=\"title\">Neden Prodrun?<\/h2><div class=\"sub-title\">Prodrun neden sizin i\u00e7in en do\u011fru se\u00e7im?<\/div><span class=\"bottom-title\"><\/span><\/div>[\/vc_column][\/vc_row][vc_row css=&#8221;.vc_custom_1481792119728{padding-top: 20px !important;padding-bottom: 100px !important;}&#8221;][vc_column width=&#8221;1\/2&#8243; css=&#8221;.vc_custom_1481792125454{padding-top: 40px !important;}&#8221;][vc_single_image image=&#8221;11006&#8243; img_size=&#8221;full&#8221;][\/vc_column][vc_column width=&#8221;1\/2&#8243; css=&#8221;.vc_custom_1481792131878{padding-top: 40px !important;}&#8221;][vc_column_text]<\/p>\n<p style=\"font-weight: 300; font-size: 24px; margin-bottom: 30px; line-height: 1;\">\u00dcretimi <span style=\"font-weight: 600;\">takip<\/span> etmenin <span style=\"font-weight: 600;\">en basit yolu<\/span>.<\/p>\n<ul>\n<li style=\"color: #727272; line-height: 1.8;\">En h\u0131zl\u0131 \u00fcr\u00fcn\/operasyon tan\u0131mlama<\/li>\n<li style=\"color: #727272; line-height: 1.8;\">En basit operat\u00f6r aray\u00fcz\u00fc<\/li>\n<li style=\"color: #727272; line-height: 1.8;\">En etkili m\u00fc\u015fteri\/tedarik\u00e7i y\u00f6netimi<\/li>\n<li style=\"color: #727272; line-height: 1.8;\">En otomatik stok y\u00f6netimi<\/li>\n<li style=\"color: #727272; line-height: 1.8;\">En verimli raporlar ve maliyet analizi<\/li>\n<\/ul>\n<p>[\/vc_column_text][vc_row_inner][vc_column_inner width=&#8221;1\/2&#8243; css=&#8221;.vc_custom_1481792243501{padding-top: 40px !important;}&#8221;]<div class=\"amwal-icon-box  box-style-1\">\n\t\t\t\t <span class=\"b-icon icon-trophy\"><\/span><h4 class=\"title\">\u0130malat\u0131n \u0130\u00e7indeyiz<\/h4><div class=\"desc\"><p>Y\u0131llard\u0131r profesyoneller ile \u00e7al\u0131\u015f\u0131yoruz, her zaman \u00fcretim sahas\u0131 ve problemlerin i\u00e7indeyiz.<\/p>\n<\/div>\n\t\t\t<\/div>[\/vc_column_inner][vc_column_inner width=&#8221;1\/2&#8243; css=&#8221;.vc_custom_1481792249373{padding-top: 40px !important;}&#8221;]<div class=\"amwal-icon-box  box-style-1\">\n\t\t\t\t <span class=\"b-icon icon-briefcase\"><\/span><h4 class=\"title\">Tecr\u00fcbeliyiz<\/h4><div class=\"desc\"><p>\u00dcretim sekt\u00f6r\u00fcnde 10 y\u0131l\u0131 a\u015fk\u0131n tecr\u00fcbeliyiz ve bu konuda size yard\u0131m etmek i\u00e7in can at\u0131yoruz.<\/p>\n<\/div>\n\t\t\t<\/div>[\/vc_column_inner][\/vc_row_inner][vc_row_inner][vc_column_inner width=&#8221;1\/2&#8243; css=&#8221;.vc_custom_1481792255118{padding-top: 40px !important;}&#8221;]<div class=\"amwal-icon-box  box-style-1\">\n\t\t\t\t <span class=\"b-icon fa fa-rocket\"><\/span><h4 class=\"title\">Sizi Geli\u015ftiriyoruz<\/h4><div class=\"desc\"><p>\u015eirketinizin b\u00fcy\u00fcmesini \u00f6nemsiyor ve sizin i\u00e7in en yal\u0131n \u00e7\u00f6z\u00fcmleri geli\u015ftirmeye devam ediyoruz.<\/p>\n<\/div>\n\t\t\t<\/div>[\/vc_column_inner][vc_column_inner width=&#8221;1\/2&#8243; css=&#8221;.vc_custom_1481792260511{padding-top: 40px !important;}&#8221;]<div class=\"amwal-icon-box  box-style-1\">\n\t\t\t\t <span class=\"b-icon fa fa-magic\"><\/span><h4 class=\"title\">Basitli\u011fi Seviyoruz<\/h4><div class=\"desc\"><p>Bir problemi \u00e7\u00f6zmenin en basit yolunu bulmak i\u00e7in \u00e7ok \u00e7al\u0131\u015f\u0131yoruz. Basitli\u011fi yakalamak zordur.<\/p>\n<\/div>\n\t\t\t<\/div>[\/vc_column_inner][\/vc_row_inner][\/vc_column][\/vc_row][vc_row css=&#8221;.vc_custom_1543099930504{background-image: url(https:\/\/prodrun.com\/erp\/wp-content\/uploads\/2016\/11\/right-contact-bg.jpg?id=9433) !important;background-position: 0 0 !important;background-repeat: repeat !important;}&#8221;][vc_column width=&#8221;5\/12&#8243; bg_full_width=&#8221;yes&#8221; css=&#8221;.vc_custom_1480065050342{padding-top: 100px !important;padding-bottom: 100px !important;background-image: url(https:\/\/prodrun.com\/erp\/wp-content\/uploads\/2016\/11\/home2-bg-contact.jpg?id=9429) !important;background-position: center !important;background-repeat: no-repeat !important;background-size: cover !important;}&#8221;]<div class=\"section-title title-block title-style-1 light-skin text-left\"><span class=\"top-title\"><\/span><h2 class=\"title\">Size Geri D\u00f6nelim<\/h2><div class=\"sub-title\">Teknik ekibimiz size her zaman d\u00f6n\u00fc\u015f yapacakt\u0131r<\/div><span class=\"bottom-title\"><\/span><div class=\"desc\"><p>Ekibimiz t\u00fcm sorular\u0131n\u0131z\u0131 cevaplamak ve en k\u0131sa zamanda size destek sa\u011flamak i\u00e7in haz\u0131rd\u0131r.<\/p>\n<\/div><\/div>[vc_empty_space height=&#8221;50px&#8221;]<div class=\"amwal-info-box  info-style-2 light-text\"><div class=\"row\"><div class=\"col-md-12 col-sm-12\">\n\t\t\t\t\t\t<div class=\"info-content info-between\">\n\t\t\t\t\t\t\t<span class=\"info-icon icon-clock\"><\/span>\n\t\t\t\t\t\t\t<div class=\"info-title-bw\">\n\t\t\t\t\t\t\t\t<span>Pzt-Cts <\/span>\n\t\t\t\t\t\t\t\t 09:00 - 18:00\n\t\t\t\t\t\t\t<\/div>\n\t\t\t\t\t\t<\/div>\n\t\t\t\t\t<\/div><div class=\"col-md-12 col-sm-12\">\n\t\t\t\t\t\t<div class=\"info-content info-final\">\n\t\t\t\t\t\t\t<span>Pzr <\/span>\n\t\t\t\t\t\t\t 09:00 - 15:00\n\t\t\t\t\t\t<\/div>\n\t\t\t\t\t<\/div><div class=\"col-md-12 col-sm-12\">\n\t\t\t\t\t<div class=\"info-content info-email\">\n\t\t\t\t\t\t<span class=\"info-icon icon-envelop\"><\/span>\n\t\t\t\t\t\tinfo@prodrun.com\n\t\t\t\t\t<\/div>\n\t\t\t\t<\/div><\/div><\/div>[\/vc_column][vc_column width=&#8221;7\/12&#8243; css=&#8221;.vc_custom_1543099900615{padding-top: 160px !important;padding-bottom: 100px !important;padding-left: 30px !important;}&#8221;][vc_video link=&#8221;https:\/\/www.youtube.com\/watch?v=fxcY0vuA6jk&#8221; align=&#8221;center&#8221;][\/vc_column][\/vc_row][vc_row css=&#8221;.vc_custom_1543099831878{padding-top: 50px !important;padding-bottom: 10px !important;}&#8221;][vc_column]<div class=\"section-title title-block title-style-1 text-center\"><span class=\"top-title\"><\/span><h2 class=\"title\">Sekt\u00f6r G\u00fcvencesi<\/h2><\/div><div class=\"amwal-clients  clients-style-1\"><div class=\"owl-client-list row\" id=\"clients-carousel-69d38aaa2c700\"><div class=\"client-item col-md-3 col-sm-6 col-xs-12\"><a class=\"image-item\" href=\"\" target=\"_self\"><img class=\"img-responsive partner-img\" alt=\"10250\"  src=\"https:\/\/prodrun.com\/erp\/wp-content\/uploads\/2018\/11\/ib-er-client.jpg\"><\/a><\/div> <div class=\"client-item col-md-3 col-sm-6 col-xs-12\"><a class=\"image-item\" href=\"\" target=\"_self\"><img class=\"img-responsive partner-img\" alt=\"11108\"  src=\"https:\/\/prodrun.com\/erp\/wp-content\/uploads\/2019\/01\/erfe-client.jpg\"><\/a><\/div> <div class=\"client-item col-md-3 col-sm-6 col-xs-12\"><a class=\"image-item\" href=\"\" target=\"_self\"><img class=\"img-responsive partner-img\" alt=\"10248\"  src=\"https:\/\/prodrun.com\/erp\/wp-content\/uploads\/2018\/11\/egemet-client.jpg\"><\/a><\/div> <div class=\"client-item col-md-3 col-sm-6 col-xs-12\"><a class=\"image-item\"  target=\"_self\"><img class=\"img-responsive partner-img\" alt=\"10361\"  src=\"https:\/\/prodrun.com\/erp\/wp-content\/uploads\/2018\/11\/tmk-client.jpg\"><\/a><\/div><\/div><\/div>[\/vc_column][\/vc_row]<\/p>\n","protected":false},"excerpt":{"rendered":"<p>[vc_row full_width=&#8221;stretch_row_content_no_spaces&#8221;][vc_column][rev_slider_vc alias=&#8221;turkish-slide&#8221;][\/vc_column][\/vc_row][vc_row css=&#8221;.vc_custom_1543099383945{padding-top: 65px !important;}&#8221;][vc_column][\/vc_column][\/vc_row][vc_row css=&#8221;.vc_custom_1543099426447{margin-top: -20px !important;padding-bottom: 50px !important;}&#8221;][vc_column css=&#8221;.vc_custom_1476157095062{margin-top: -20px !important;}&#8221;][\/vc_column][\/vc_row][vc_row css=&#8221;.vc_custom_1543099401221{padding-top: 100px !important;padding-bottom: 100px !important;background-image: url(https:\/\/prodrun.com\/erp\/wp-content\/uploads\/2016\/11\/home-2-bg-cta.jpg?id=9392) !important;background-position: center !important;background-repeat: no-repeat !important;background-size: cover !important;}&#8221;][vc_column][\/vc_column][\/vc_row][vc_row css=&#8221;.vc_custom_1543099456795{padding-top: 90px !important;}&#8221;][vc_column][\/vc_column][\/vc_row][vc_row css=&#8221;.vc_custom_1481792119728{padding-top: 20px !important;padding-bottom: 100px !important;}&#8221;][vc_column width=&#8221;1\/2&#8243; css=&#8221;.vc_custom_1481792125454{padding-top: 40px !important;}&#8221;][vc_single_image image=&#8221;11006&#8243; img_size=&#8221;full&#8221;][\/vc_column][vc_column width=&#8221;1\/2&#8243; css=&#8221;.vc_custom_1481792131878{padding-top: 40px !important;}&#8221;][vc_column_text] \u00dcretimi takip etmenin en basit yolu. En h\u0131zl\u0131 \u00fcr\u00fcn\/operasyon tan\u0131mlama&hellip;<\/p>\n","protected":false},"author":1,"featured_media":0,"parent":0,"menu_order":0,"comment_status":"closed","ping_status":"closed","template":"template-homepage.php","meta":[],"_links":{"self":[{"href":"https:\/\/prodrun.com\/erp\/wp-json\/wp\/v2\/pages\/10380"}],"collection":[{"href":"https:\/\/prodrun.com\/erp\/wp-json\/wp\/v2\/pages"}],"about":[{"href":"https:\/\/prodrun.com\/erp\/wp-json\/wp\/v2\/types\/page"}],"author":[{"embeddable":true,"href":"https:\/\/prodrun.com\/erp\/wp-json\/wp\/v2\/users\/1"}],"replies":[{"embeddable":true,"href":"https:\/\/prodrun.com\/erp\/wp-json\/wp\/v2\/comments?post=10380"}],"version-history":[{"count":28,"href":"https:\/\/prodrun.com\/erp\/wp-json\/wp\/v2\/pages\/10380\/revisions"}],"predecessor-version":[{"id":11131,"href":"https:\/\/prodrun.com\/erp\/wp-json\/wp\/v2\/pages\/10380\/revisions\/11131"}],"wp:attachment":[{"href":"https:\/\/prodrun.com\/erp\/wp-json\/wp\/v2\/media?parent=10380"}],"curies":[{"name":"wp","href":"https:\/\/api.w.org\/{rel}","templated":true}]}}