{"id":10435,"date":"2018-11-27T11:37:16","date_gmt":"2018-11-27T11:37:16","guid":{"rendered":"https:\/\/prodrun.com\/erp\/?page_id=10435"},"modified":"2018-12-08T10:51:25","modified_gmt":"2018-12-08T10:51:25","slug":"urun-yonetimi","status":"publish","type":"page","link":"https:\/\/prodrun.com\/erp\/ozellikler\/urun-yonetimi\/","title":{"rendered":"\u00dcr\u00fcn Y\u00f6netimi"},"content":{"rendered":"<p style=\"font-size: 16px;\">E\u011fer \u00fcretim yapan bir i\u015fletmeyseniz, a\u015fa\u011f\u0131daki 3 \u00f6nemli kaynak i\u00e7in \u00f6nemli s\u00fcre\u00e7lere sahipsiniz demektir.<\/p>\n<ol style=\"font-size: 16px;\">\n<li><strong>\u00dcr\u00fcn<\/strong><\/li>\n<li><strong>M\u00fc\u015fteri<\/strong><\/li>\n<li><strong>Tedarik\u00e7i<\/strong><\/li>\n<\/ol>\n<p style=\"font-size: 16px;\">Bu \u00fc\u00e7 kaynak, \u00fcretim s\u00fcrecinizin temelini olu\u015fturur. \u00dcr\u00fcnden ba\u015flamak gerekirse; \u00fcretimi yap\u0131lacak bir \u00fcr\u00fcn\u00fcn\u00fcz oldu\u011funda; onun <strong>katma de\u011fer yaratan operasyonlar\u0131n\u0131<\/strong>\u00a0mutlaka takip etmeniz gerekmektedir. Prodrun, <strong>hammaddeden bitmi\u015f \u00fcr\u00fcne<\/strong> kadar olan t\u00fcm katma de\u011fer yaratan operasyonlar\u0131n ger\u00e7ek zamanl\u0131 takibini sa\u011flar.<\/p>\n<p style=\"font-size: 16px;\">\u00dcr\u00fcn\u00fcn re\u00e7etesi, kullan\u0131lan malzemeler, operasyon ad\u0131mlar\u0131, haz\u0131rl\u0131k ve hedef i\u015flem s\u00fcreleri, teknik resimleri gibi konular\u0131 bu sistem alt\u0131nda organize edebilirsiniz.<\/p>\n<p style=\"font-size: 16px;\"><img loading=\"lazy\" class=\"alignnone  wp-image-10852\" src=\"https:\/\/prodrun.com\/erp\/wp-content\/uploads\/2018\/12\/surec_effect.jpg\" alt=\"\" width=\"720\" height=\"381\" srcset=\"https:\/\/prodrun.com\/erp\/wp-content\/uploads\/2018\/12\/surec_effect.jpg 900w, https:\/\/prodrun.com\/erp\/wp-content\/uploads\/2018\/12\/surec_effect-300x159.jpg 300w, https:\/\/prodrun.com\/erp\/wp-content\/uploads\/2018\/12\/surec_effect-768x406.jpg 768w\" sizes=\"(max-width: 720px) 100vw, 720px\" \/><\/p>\n<p style=\"font-size: 16px;\">\u00dcretim sahan\u0131zda dola\u015fan malzemeler ve stoklar a\u015fa\u011f\u0131daki formlar\u0131n herhangi biri olarak bulunabilir.<\/p>\n<ol style=\"font-size: 16px;\">\n<li><strong>Hammadde<\/strong><\/li>\n<li><strong>\u0130\u015flemde Olan<\/strong><\/li>\n<li><strong>Yar\u0131 Mamul<\/strong><\/li>\n<li><strong>\u00dcretime Yard\u0131mc\u0131 Ekipman<\/strong><\/li>\n<li><strong>Nihai (Bitmi\u015f) \u00dcr\u00fcn<\/strong><\/li>\n<\/ol>\n<p style=\"font-size: 16px;\">Prodrun ile, yukar\u0131daki t\u00fcm stok t\u00fcrlerini takip edebilir, anl\u0131k \u00fcretim durumlar\u0131n\u0131 g\u00f6rebilir ve birbirleri ile ili\u015fkilendirebilirsiniz.<\/p>\n<p><img loading=\"lazy\" class=\"alignnone wp-image-10343 size-large\" src=\"https:\/\/prodrun.com\/erp\/wp-content\/uploads\/2018\/11\/product-management-1024x683.jpg\" alt=\"\" width=\"840\" height=\"560\" srcset=\"https:\/\/prodrun.com\/erp\/wp-content\/uploads\/2018\/11\/product-management-1024x683.jpg 1024w, https:\/\/prodrun.com\/erp\/wp-content\/uploads\/2018\/11\/product-management-300x200.jpg 300w, https:\/\/prodrun.com\/erp\/wp-content\/uploads\/2018\/11\/product-management-768x512.jpg 768w, https:\/\/prodrun.com\/erp\/wp-content\/uploads\/2018\/11\/product-management-480x321.jpg 480w, https:\/\/prodrun.com\/erp\/wp-content\/uploads\/2018\/11\/product-management.jpg 1170w\" sizes=\"(max-width: 840px) 100vw, 840px\" \/><\/p>\n<hr \/>\n<p style=\"font-size: 16px;\">Prodrun&#8217;\u0131n izlenebilirlik ilkesiyle tasarlad\u0131\u011f\u0131 \u00f6nemli i\u015fletme s\u00fcre\u00e7lerini a\u015fa\u011f\u0131daki grafikte g\u00f6rebilirsiniz.<br \/>\n<img loading=\"lazy\" class=\"alignnone wp-image-10652\" src=\"https:\/\/prodrun.com\/erp\/wp-content\/uploads\/2018\/12\/surec_daireler.jpg\" alt=\"\" width=\"555\" height=\"536\" \/><\/p>\n<p>&nbsp;<\/p>\n<hr \/>\n","protected":false},"excerpt":{"rendered":"<p>E\u011fer \u00fcretim yapan bir i\u015fletmeyseniz, a\u015fa\u011f\u0131daki 3 \u00f6nemli kaynak i\u00e7in \u00f6nemli s\u00fcre\u00e7lere sahipsiniz demektir. \u00dcr\u00fcn M\u00fc\u015fteri Tedarik\u00e7i Bu \u00fc\u00e7 kaynak, \u00fcretim s\u00fcrecinizin temelini olu\u015fturur. \u00dcr\u00fcnden ba\u015flamak gerekirse; \u00fcretimi yap\u0131lacak bir \u00fcr\u00fcn\u00fcn\u00fcz oldu\u011funda; onun katma de\u011fer yaratan operasyonlar\u0131n\u0131\u00a0mutlaka takip etmeniz gerekmektedir. Prodrun, hammaddeden bitmi\u015f \u00fcr\u00fcne kadar olan t\u00fcm katma de\u011fer yaratan operasyonlar\u0131n ger\u00e7ek zamanl\u0131 takibini sa\u011flar.&hellip;<\/p>\n","protected":false},"author":1,"featured_media":0,"parent":10430,"menu_order":0,"comment_status":"closed","ping_status":"closed","template":"","meta":[],"_links":{"self":[{"href":"https:\/\/prodrun.com\/erp\/wp-json\/wp\/v2\/pages\/10435"}],"collection":[{"href":"https:\/\/prodrun.com\/erp\/wp-json\/wp\/v2\/pages"}],"about":[{"href":"https:\/\/prodrun.com\/erp\/wp-json\/wp\/v2\/types\/page"}],"author":[{"embeddable":true,"href":"https:\/\/prodrun.com\/erp\/wp-json\/wp\/v2\/users\/1"}],"replies":[{"embeddable":true,"href":"https:\/\/prodrun.com\/erp\/wp-json\/wp\/v2\/comments?post=10435"}],"version-history":[{"count":9,"href":"https:\/\/prodrun.com\/erp\/wp-json\/wp\/v2\/pages\/10435\/revisions"}],"predecessor-version":[{"id":10853,"href":"https:\/\/prodrun.com\/erp\/wp-json\/wp\/v2\/pages\/10435\/revisions\/10853"}],"up":[{"embeddable":true,"href":"https:\/\/prodrun.com\/erp\/wp-json\/wp\/v2\/pages\/10430"}],"wp:attachment":[{"href":"https:\/\/prodrun.com\/erp\/wp-json\/wp\/v2\/media?parent=10435"}],"curies":[{"name":"wp","href":"https:\/\/api.w.org\/{rel}","templated":true}]}}