{"id":10440,"date":"2018-11-27T11:52:41","date_gmt":"2018-11-27T11:52:41","guid":{"rendered":"https:\/\/prodrun.com\/erp\/?page_id=10440"},"modified":"2018-12-07T10:49:02","modified_gmt":"2018-12-07T10:49:02","slug":"musteri-yonetimi","status":"publish","type":"page","link":"https:\/\/prodrun.com\/erp\/ozellikler\/musteri-yonetimi\/","title":{"rendered":"M\u00fc\u015fteri Y\u00f6netimi"},"content":{"rendered":"<p style=\"font-size:16px\">M\u00fc\u015fteri sipari\u015flerinizi \u00fcretim odakl\u0131 olan bir ERP yaz\u0131l\u0131m\u0131 ile izlemek, m\u00fc\u015fteri memnuniyetinizi art\u0131racakt\u0131r. Prodrun ile m\u00fc\u015fteri sipari\u015flerinizi olduk\u00e7a etkin bir \u015fekilde y\u00f6netebilir ve anl\u0131k izleyebilirsiniz. Ayr\u0131ca m\u00fc\u015fteri faturalar\u0131 ve m\u00fc\u015fteriden gelen nakit ak\u0131\u015f\u0131n\u0131 organize edebilirsiniz. Bir izlenebilirlik sisteminde, m\u00fc\u015fteri sipari\u015fi s\u00fcrecin ba\u015flag\u0131c\u0131nda yer alan en \u00f6nemli ad\u0131m\u0131d\u0131r.<\/p>\n<p style=\"font-size:16px\">Sipari\u015fin al\u0131nmas\u0131ndan \u00fcr\u00fcn\u00fcn m\u00fc\u015fteriye sevkiyat\u0131na kadar olan s\u00fcre\u00e7 \u00fcretim i\u015f emriyle ili\u015fkili ve entegredir. \u0130zlenebilirlik takibinin bu kapsamda yap\u0131lmas\u0131 \u00fcretim yapan bir i\u015fletme i\u00e7in elzemdir. Prodrun&#8217;da, her bir takip ad\u0131m\u0131n\u0131 kronolojik s\u0131raya g\u00f6re kusursuz bir ili\u015fkilendirme alt\u0131nda g\u00f6rebilirsiniz.<\/p>\n<p style=\"font-size:16px\">A\u015fa\u011f\u0131da izlenebilirlik sisteminde kar\u015f\u0131la\u015fabilece\u011finiz \u00f6rnek bir s\u00fcre\u00e7 s\u0131ras\u0131 g\u00f6rmektesiniz,<\/p>\n<ol style=\"font-size:16px\">\n<li><strong>M\u00fc\u015fteri<\/strong> sipari\u015finin al\u0131nmas\u0131<\/li>\n<li>Malzeme ihtiyac\u0131n\u0131n planlanmas\u0131<\/li>\n<li>Sat\u0131n alma sipari\u015finin verilmesi<\/li>\n<li>Malzemenin i\u015fletmeye giri\u015fi<\/li>\n<li>\u00dcretim i\u015f emrinin a\u00e7\u0131lmas\u0131<\/li>\n<li><strong>M\u00fc\u015fteriye<\/strong> sevkiyat\u0131n yap\u0131lmas\u0131<\/li>\n<\/ol>\n<p style=\"font-size:16px\">Yukar\u0131da g\u00f6rd\u00fc\u011f\u00fcn\u00fcz \u00fczere, s\u00fcre\u00e7 m\u00fc\u015fteri ile ba\u015flay\u0131p m\u00fc\u015fteri ile bitmektedir. T\u00fcm a\u015famalar m\u00fc\u015fteri y\u00f6netimi ile ilgilidir ve birbirleri ile ili\u015fkilidir.<\/p>\n<p><img loading=\"lazy\" class=\"alignnone size-large wp-image-9645\" src=\"https:\/\/prodrun.com\/erp\/wp-content\/uploads\/2016\/11\/service-item-1-1024x683.jpg\" alt=\"\" width=\"840\" height=\"560\" srcset=\"https:\/\/prodrun.com\/erp\/wp-content\/uploads\/2016\/11\/service-item-1-1024x683.jpg 1024w, https:\/\/prodrun.com\/erp\/wp-content\/uploads\/2016\/11\/service-item-1-300x200.jpg 300w, https:\/\/prodrun.com\/erp\/wp-content\/uploads\/2016\/11\/service-item-1-768x512.jpg 768w, https:\/\/prodrun.com\/erp\/wp-content\/uploads\/2016\/11\/service-item-1-480x321.jpg 480w, https:\/\/prodrun.com\/erp\/wp-content\/uploads\/2016\/11\/service-item-1-600x400.jpg 600w, https:\/\/prodrun.com\/erp\/wp-content\/uploads\/2016\/11\/service-item-1.jpg 1170w\" sizes=\"(max-width: 840px) 100vw, 840px\" \/><\/p>\n<hr>\n<p style=\"font-size:16px\">Prodrun&#8217;\u0131n izlenebilirlik ilkesiyle tasarlad\u0131\u011f\u0131 \u00f6nemli i\u015fletme s\u00fcre\u00e7lerini a\u015fa\u011f\u0131daki grafikte g\u00f6rebilirsiniz.<br \/>\n<img loading=\"lazy\" class=\"alignnone wp-image-10652\" src=\"https:\/\/prodrun.com\/erp\/wp-content\/uploads\/2018\/12\/surec_daireler.jpg\" alt=\"\" width=\"555\" height=\"536\"><\/p>\n<p>&nbsp;<\/p>\n<hr>\n","protected":false},"excerpt":{"rendered":"<p>M\u00fc\u015fteri sipari\u015flerinizi \u00fcretim odakl\u0131 olan bir ERP yaz\u0131l\u0131m\u0131 ile izlemek, m\u00fc\u015fteri memnuniyetinizi art\u0131racakt\u0131r. Prodrun ile m\u00fc\u015fteri sipari\u015flerinizi olduk\u00e7a etkin bir \u015fekilde y\u00f6netebilir ve anl\u0131k izleyebilirsiniz. Ayr\u0131ca m\u00fc\u015fteri faturalar\u0131 ve m\u00fc\u015fteriden gelen nakit ak\u0131\u015f\u0131n\u0131 organize edebilirsiniz. Bir izlenebilirlik sisteminde, m\u00fc\u015fteri sipari\u015fi s\u00fcrecin ba\u015flag\u0131c\u0131nda yer alan en \u00f6nemli ad\u0131m\u0131d\u0131r. Sipari\u015fin al\u0131nmas\u0131ndan \u00fcr\u00fcn\u00fcn m\u00fc\u015fteriye sevkiyat\u0131na kadar olan s\u00fcre\u00e7&hellip;<\/p>\n","protected":false},"author":1,"featured_media":0,"parent":10430,"menu_order":0,"comment_status":"closed","ping_status":"closed","template":"","meta":[],"_links":{"self":[{"href":"https:\/\/prodrun.com\/erp\/wp-json\/wp\/v2\/pages\/10440"}],"collection":[{"href":"https:\/\/prodrun.com\/erp\/wp-json\/wp\/v2\/pages"}],"about":[{"href":"https:\/\/prodrun.com\/erp\/wp-json\/wp\/v2\/types\/page"}],"author":[{"embeddable":true,"href":"https:\/\/prodrun.com\/erp\/wp-json\/wp\/v2\/users\/1"}],"replies":[{"embeddable":true,"href":"https:\/\/prodrun.com\/erp\/wp-json\/wp\/v2\/comments?post=10440"}],"version-history":[{"count":6,"href":"https:\/\/prodrun.com\/erp\/wp-json\/wp\/v2\/pages\/10440\/revisions"}],"predecessor-version":[{"id":10724,"href":"https:\/\/prodrun.com\/erp\/wp-json\/wp\/v2\/pages\/10440\/revisions\/10724"}],"up":[{"embeddable":true,"href":"https:\/\/prodrun.com\/erp\/wp-json\/wp\/v2\/pages\/10430"}],"wp:attachment":[{"href":"https:\/\/prodrun.com\/erp\/wp-json\/wp\/v2\/media?parent=10440"}],"curies":[{"name":"wp","href":"https:\/\/api.w.org\/{rel}","templated":true}]}}