{"id":10444,"date":"2018-11-27T11:53:45","date_gmt":"2018-11-27T11:53:45","guid":{"rendered":"https:\/\/prodrun.com\/erp\/?page_id=10444"},"modified":"2018-12-07T10:49:37","modified_gmt":"2018-12-07T10:49:37","slug":"satin-alma-yonetimi","status":"publish","type":"page","link":"https:\/\/prodrun.com\/erp\/ozellikler\/satin-alma-yonetimi\/","title":{"rendered":"Sat\u0131n Alma Y\u00f6netimi"},"content":{"rendered":"<p style=\"font-size:16px\">\u00dcretim i\u00e7in gerekli olan sat\u0131n alma kalemleri a\u015fa\u011f\u0131dakilerden herhangi biri olabilir;<\/p>\n<ul style=\"font-size:16px\">\n<li>Hammadde<\/li>\n<li>\u00dcretime yard\u0131mc\u0131 ekipman<\/li>\n<li>Tak\u0131mland\u0131rma<\/li>\n<li>Kal\u0131p<\/li>\n<li>Sarf malzeme<\/li>\n<li>Ambalaj malzemesi<\/li>\n<li>Hizmet (\u00fcretimin ger\u00e7ekle\u015fmesi i\u00e7in gerekli olan durumlarda)<\/li>\n<li>Di\u011fer<\/li>\n<\/ul>\n<p style=\"font-size:16px\">T\u00fcm bu kalemler, i\u015fletmenizin katma de\u011fer yaratan \u00fcretim operasyonlar\u0131 ile ili\u015fkilidir ve maliyetinizi etkiler. Bir sat\u0131n alma sipari\u015fini izlenebilirlik sistemine entegre etmek i\u00e7in bu sat\u0131n alma kalemlerini ve tedarik\u00e7ilerinizi Prodrun ile tan\u0131mlaman\u0131z gerekiyor.<\/p>\n<p style=\"font-size:16px\">Hammadde al\u0131m s\u00fcrecinde i\u015flenmesi ve takip edilmesi gereken baz\u0131 \u00f6nemli veriler vard\u0131r.<\/p>\n<ul style=\"font-size:16px\">\n<li>Sipari\u015f tarihi<\/li>\n<li>Teslimat tarihi<\/li>\n<li>Sipari\u015f durumu<\/li>\n<li>Miktarlar<\/li>\n<li>Fiyat bilgisi<\/li>\n<li>D\u00f6viz cinsi<\/li>\n<li>\u0130lgili i\u015f emri<\/li>\n<li>\u0130lgili m\u00fc\u015fteri sipari\u015fi<\/li>\n<\/ul>\n<p style=\"font-size:16px\">Prodrun&#8217;\u0131n Sat\u0131n Alma Y\u00f6netimi mod\u00fcl\u00fc ile malzeme ihtiyac\u0131n\u0131n planlanmas\u0131, sat\u0131n alma sipari\u015finin \u00f6nemli a\u015famalar\u0131, malzemenin i\u015fletmeye giri\u015fi, sipari\u015fin \u00fcretim ve m\u00fc\u015fteri gibi ilgili di\u011fer mod\u00fcllerle ili\u015fkilendirilerek tamamlanmas\u0131 olduk\u00e7a h\u0131zl\u0131 ve kolay ger\u00e7ekle\u015fir. Ayr\u0131ca i\u015fletmenizin finans y\u00f6netimi a\u00e7\u0131s\u0131ndan b\u00fcy\u00fck \u00f6neme sahip sat\u0131n alma faturalar\u0131 ve tedarik\u00e7i \u00f6demeleri gibi konular\u0131 da <strong>Prodrun<\/strong> ile takip edebilirsiniz.<\/p>\n<p><img loading=\"lazy\" class=\"alignnone size-large wp-image-9650\" src=\"https:\/\/prodrun.com\/erp\/wp-content\/uploads\/2016\/11\/service-item-6-1024x683.jpg\" alt=\"\" width=\"840\" height=\"560\" srcset=\"https:\/\/prodrun.com\/erp\/wp-content\/uploads\/2016\/11\/service-item-6-1024x683.jpg 1024w, https:\/\/prodrun.com\/erp\/wp-content\/uploads\/2016\/11\/service-item-6-300x200.jpg 300w, https:\/\/prodrun.com\/erp\/wp-content\/uploads\/2016\/11\/service-item-6-768x512.jpg 768w, https:\/\/prodrun.com\/erp\/wp-content\/uploads\/2016\/11\/service-item-6-480x321.jpg 480w, https:\/\/prodrun.com\/erp\/wp-content\/uploads\/2016\/11\/service-item-6-600x400.jpg 600w, https:\/\/prodrun.com\/erp\/wp-content\/uploads\/2016\/11\/service-item-6.jpg 1170w\" sizes=\"(max-width: 840px) 100vw, 840px\" \/><\/p>\n<hr>\n<p style=\"font-size:16px\">Prodrun&#8217;\u0131n izlenebilirlik ilkesiyle tasarlad\u0131\u011f\u0131 \u00f6nemli i\u015fletme s\u00fcre\u00e7lerini a\u015fa\u011f\u0131daki grafikte g\u00f6rebilirsiniz.<\/p>\n<p><img loading=\"lazy\" class=\"alignnone wp-image-10652\" src=\"https:\/\/prodrun.com\/erp\/wp-content\/uploads\/2018\/12\/surec_daireler.jpg\" alt=\"\" width=\"555\" height=\"536\"><\/p>\n<hr>\n","protected":false},"excerpt":{"rendered":"<p>\u00dcretim i\u00e7in gerekli olan sat\u0131n alma kalemleri a\u015fa\u011f\u0131dakilerden herhangi biri olabilir; Hammadde \u00dcretime yard\u0131mc\u0131 ekipman Tak\u0131mland\u0131rma Kal\u0131p Sarf malzeme Ambalaj malzemesi Hizmet (\u00fcretimin ger\u00e7ekle\u015fmesi i\u00e7in gerekli olan durumlarda) Di\u011fer T\u00fcm bu kalemler, i\u015fletmenizin katma de\u011fer yaratan \u00fcretim operasyonlar\u0131 ile ili\u015fkilidir ve maliyetinizi etkiler. Bir sat\u0131n alma sipari\u015fini izlenebilirlik sistemine entegre etmek i\u00e7in bu sat\u0131n alma&hellip;<\/p>\n","protected":false},"author":1,"featured_media":0,"parent":10430,"menu_order":0,"comment_status":"closed","ping_status":"closed","template":"","meta":[],"_links":{"self":[{"href":"https:\/\/prodrun.com\/erp\/wp-json\/wp\/v2\/pages\/10444"}],"collection":[{"href":"https:\/\/prodrun.com\/erp\/wp-json\/wp\/v2\/pages"}],"about":[{"href":"https:\/\/prodrun.com\/erp\/wp-json\/wp\/v2\/types\/page"}],"author":[{"embeddable":true,"href":"https:\/\/prodrun.com\/erp\/wp-json\/wp\/v2\/users\/1"}],"replies":[{"embeddable":true,"href":"https:\/\/prodrun.com\/erp\/wp-json\/wp\/v2\/comments?post=10444"}],"version-history":[{"count":9,"href":"https:\/\/prodrun.com\/erp\/wp-json\/wp\/v2\/pages\/10444\/revisions"}],"predecessor-version":[{"id":10726,"href":"https:\/\/prodrun.com\/erp\/wp-json\/wp\/v2\/pages\/10444\/revisions\/10726"}],"up":[{"embeddable":true,"href":"https:\/\/prodrun.com\/erp\/wp-json\/wp\/v2\/pages\/10430"}],"wp:attachment":[{"href":"https:\/\/prodrun.com\/erp\/wp-json\/wp\/v2\/media?parent=10444"}],"curies":[{"name":"wp","href":"https:\/\/api.w.org\/{rel}","templated":true}]}}