{"id":10452,"date":"2018-11-27T11:56:36","date_gmt":"2018-11-27T11:56:36","guid":{"rendered":"https:\/\/prodrun.com\/erp\/?page_id=10452"},"modified":"2018-12-07T10:51:39","modified_gmt":"2018-12-07T10:51:39","slug":"stok-yonetimi","status":"publish","type":"page","link":"https:\/\/prodrun.com\/erp\/ozellikler\/stok-yonetimi\/","title":{"rendered":"Stok Y\u00f6netimi"},"content":{"rendered":"<p style=\"font-size:16px\">Prodrun&#8217;\u0131n stok y\u00f6netimi ile i\u015fletmenizde dola\u015fan sat\u0131n alma kalemleri, yar\u0131 mamul par\u00e7alar\u0131 ve nihai \u00fcr\u00fcnler gibi stok t\u00fcrlerini olduk\u00e7a basit bir \u015fekilde takip edeceksiniz. Her bir yar\u0131 mamul i\u00e7in gerekli stok bile\u015fenlerini tan\u0131mlayarak \u00fcr\u00fcn a\u011fac\u0131n\u0131z\u0131 g\u00fcvence alt\u0131na alacaks\u0131n\u0131z. \u00dcstelik t\u00fcm stok giri\u015f ve \u00e7\u0131k\u0131\u015flar\u0131 arka planda otomatik olarak ger\u00e7ekle\u015fecek. Malzemenin giri\u015fi, \u00fcretim par\u00e7as\u0131n\u0131n \u00fcretimi ve nihai \u00fcr\u00fcn\u00fcn sevkiyat\u0131 gibi i\u015flemlerde stok say\u0131m\u0131 anl\u0131k ve otomatik olarak ger\u00e7ekle\u015fir.<\/p>\n<p style=\"font-size:16px\"><strong>Manuel Hareketleri Unutun<\/strong><\/p>\n<p style=\"font-size:16px\">S\u00fcre\u00e7ler olmas\u0131 gerekti\u011fi gibi i\u015fledi\u011finde, hi\u00e7bir stok hareketini manuel olarak girmenize gerek kalmayacak. Prodrun sizin i\u00e7in arka planda otomatik olarak t\u00fcm sto\u011fa giri\u015f ve \u00e7\u0131k\u0131\u015f i\u015flemlerini ger\u00e7ekle\u015ftirir. Ne zaman isterseniz, stok hareketlerinin ge\u00e7mi\u015fini g\u00f6rebilirsiniz. Ayr\u0131ca stok sistem uyar\u0131lar\u0131n\u0131z i\u00e7in minimum stok seviyelerini tan\u0131mlayabilirsiniz. Hepsi bir butona basmak kadar kolay!<\/p>\n<p><img loading=\"lazy\" class=\"alignnone size-large wp-image-10346\" src=\"https:\/\/prodrun.com\/erp\/wp-content\/uploads\/2016\/11\/inventory-management-1024x683.jpg\" alt=\"\" width=\"840\" height=\"560\" srcset=\"https:\/\/prodrun.com\/erp\/wp-content\/uploads\/2016\/11\/inventory-management-1024x683.jpg 1024w, https:\/\/prodrun.com\/erp\/wp-content\/uploads\/2016\/11\/inventory-management-300x200.jpg 300w, https:\/\/prodrun.com\/erp\/wp-content\/uploads\/2016\/11\/inventory-management-768x512.jpg 768w, https:\/\/prodrun.com\/erp\/wp-content\/uploads\/2016\/11\/inventory-management-480x321.jpg 480w, https:\/\/prodrun.com\/erp\/wp-content\/uploads\/2016\/11\/inventory-management.jpg 1170w\" sizes=\"(max-width: 840px) 100vw, 840px\" \/><\/p>\n<hr>\n<p style=\"font-size:16px\">Prodrun&#8217;\u0131n izlenebilirlik ilkesiyle tasarlad\u0131\u011f\u0131 \u00f6nemli i\u015fletme s\u00fcre\u00e7lerini a\u015fa\u011f\u0131daki grafikte g\u00f6rebilirsiniz.<br \/>\n<img loading=\"lazy\" class=\"alignnone wp-image-10652\" src=\"https:\/\/prodrun.com\/erp\/wp-content\/uploads\/2018\/12\/surec_daireler.jpg\" alt=\"\" width=\"555\" height=\"536\"><\/p>\n<hr>\n","protected":false},"excerpt":{"rendered":"<p>Prodrun&#8217;\u0131n stok y\u00f6netimi ile i\u015fletmenizde dola\u015fan sat\u0131n alma kalemleri, yar\u0131 mamul par\u00e7alar\u0131 ve nihai \u00fcr\u00fcnler gibi stok t\u00fcrlerini olduk\u00e7a basit bir \u015fekilde takip edeceksiniz. Her bir yar\u0131 mamul i\u00e7in gerekli stok bile\u015fenlerini tan\u0131mlayarak \u00fcr\u00fcn a\u011fac\u0131n\u0131z\u0131 g\u00fcvence alt\u0131na alacaks\u0131n\u0131z. \u00dcstelik t\u00fcm stok giri\u015f ve \u00e7\u0131k\u0131\u015flar\u0131 arka planda otomatik olarak ger\u00e7ekle\u015fecek. Malzemenin giri\u015fi, \u00fcretim par\u00e7as\u0131n\u0131n \u00fcretimi ve&hellip;<\/p>\n","protected":false},"author":1,"featured_media":0,"parent":10430,"menu_order":0,"comment_status":"closed","ping_status":"closed","template":"","meta":[],"_links":{"self":[{"href":"https:\/\/prodrun.com\/erp\/wp-json\/wp\/v2\/pages\/10452"}],"collection":[{"href":"https:\/\/prodrun.com\/erp\/wp-json\/wp\/v2\/pages"}],"about":[{"href":"https:\/\/prodrun.com\/erp\/wp-json\/wp\/v2\/types\/page"}],"author":[{"embeddable":true,"href":"https:\/\/prodrun.com\/erp\/wp-json\/wp\/v2\/users\/1"}],"replies":[{"embeddable":true,"href":"https:\/\/prodrun.com\/erp\/wp-json\/wp\/v2\/comments?post=10452"}],"version-history":[{"count":4,"href":"https:\/\/prodrun.com\/erp\/wp-json\/wp\/v2\/pages\/10452\/revisions"}],"predecessor-version":[{"id":10732,"href":"https:\/\/prodrun.com\/erp\/wp-json\/wp\/v2\/pages\/10452\/revisions\/10732"}],"up":[{"embeddable":true,"href":"https:\/\/prodrun.com\/erp\/wp-json\/wp\/v2\/pages\/10430"}],"wp:attachment":[{"href":"https:\/\/prodrun.com\/erp\/wp-json\/wp\/v2\/media?parent=10452"}],"curies":[{"name":"wp","href":"https:\/\/api.w.org\/{rel}","templated":true}]}}