{"id":10456,"date":"2018-11-27T11:57:25","date_gmt":"2018-11-27T11:57:25","guid":{"rendered":"https:\/\/prodrun.com\/erp\/?page_id=10456"},"modified":"2018-12-07T10:52:03","modified_gmt":"2018-12-07T10:52:03","slug":"sevkiyat-yonetimi","status":"publish","type":"page","link":"https:\/\/prodrun.com\/erp\/ozellikler\/sevkiyat-yonetimi\/","title":{"rendered":"Sevkiyat Y\u00f6netimi"},"content":{"rendered":"<p style=\"font-size:16px\">\u0130\u015fletmenizin sevkiyat performans\u0131n\u0131 g\u00f6rmek istiyorsan\u0131z, \u00fcretimden sonra ger\u00e7ekle\u015fen t\u00fcm sevkiyat bilgisini kontrol alt\u0131na alman\u0131z gerekir. Her sevkiyat kayd\u0131, m\u00fc\u015fterinin bir par\u00e7as\u0131na, miktar\u0131na ve \u00f6nceden belirlenmi\u015f termin tarihlerine ba\u011fl\u0131d\u0131r. \u0130zlenebilirlik halkas\u0131nda olmas\u0131 i\u00e7in mutlaka bir \u00fcretim i\u015f emri ile ili\u015fkilendirilmelidir. M\u00fc\u015fteriye g\u00f6nderdi\u011finiz sevkiyat miktar\u0131 \u00fcr\u00fcn\u00fcn stok durumunu tetikler. Sistem m\u00fc\u015fterinin istedi\u011fi teslimat tarihini kontrol ederek sevkiyat performans\u0131n\u0131z\u0131 iyile\u015ftirir. T\u00fcm m\u00fc\u015fteri sevkiyat kay\u0131tlar\u0131n\u0131 anl\u0131k olarak analiz edebilirsiniz.<\/p>\n<p style=\"font-size:16px\">Sevkiyat, Prodrun&#8217;\u0131n izlenebilirlik prensibinin son a\u015famas\u0131d\u0131r. Bir m\u00fc\u015fteri sevk etti\u011finiz \u00fcr\u00fcn hakk\u0131nda herhangi bir \u015fey sormak istedi\u011finde, hammaddenin giri\u015finden \u00fcr\u00fcn\u00fcn m\u00fc\u015fteriye teslimat\u0131na kadar olan s\u00fcrecin tamam\u0131 hakk\u0131nda bilgi vermeye haz\u0131r olacaks\u0131n\u0131z. <strong>G\u00fcvenilirli\u011fin g\u00fcc\u00fc<\/strong>, kesinlikle <strong>izlenebilirli\u011fin g\u00fcc\u00fcne<\/strong> ba\u011fl\u0131d\u0131r. M\u00fc\u015fterinin de sizden istedi\u011fi budur!<\/p>\n<p><img loading=\"lazy\" class=\"alignnone size-large wp-image-9648\" src=\"https:\/\/prodrun.com\/erp\/wp-content\/uploads\/2016\/11\/service-item-4-1024x683.jpg\" alt=\"\" width=\"840\" height=\"560\" srcset=\"https:\/\/prodrun.com\/erp\/wp-content\/uploads\/2016\/11\/service-item-4-1024x683.jpg 1024w, https:\/\/prodrun.com\/erp\/wp-content\/uploads\/2016\/11\/service-item-4-300x200.jpg 300w, https:\/\/prodrun.com\/erp\/wp-content\/uploads\/2016\/11\/service-item-4-768x512.jpg 768w, https:\/\/prodrun.com\/erp\/wp-content\/uploads\/2016\/11\/service-item-4-480x321.jpg 480w, https:\/\/prodrun.com\/erp\/wp-content\/uploads\/2016\/11\/service-item-4-600x400.jpg 600w, https:\/\/prodrun.com\/erp\/wp-content\/uploads\/2016\/11\/service-item-4.jpg 1170w\" sizes=\"(max-width: 840px) 100vw, 840px\" \/><\/p>\n<hr>\n<p style=\"font-size:16px\">Prodrun&#8217;\u0131n izlenebilirlik ilkesiyle tasarlad\u0131\u011f\u0131 \u00f6nemli i\u015fletme s\u00fcre\u00e7lerini a\u015fa\u011f\u0131daki grafikte g\u00f6rebilirsiniz.<br \/>\n<img loading=\"lazy\" class=\"alignnone wp-image-10652\" src=\"https:\/\/prodrun.com\/erp\/wp-content\/uploads\/2018\/12\/surec_daireler.jpg\" alt=\"\" width=\"555\" height=\"536\"><\/p>\n<hr>\n","protected":false},"excerpt":{"rendered":"<p>\u0130\u015fletmenizin sevkiyat performans\u0131n\u0131 g\u00f6rmek istiyorsan\u0131z, \u00fcretimden sonra ger\u00e7ekle\u015fen t\u00fcm sevkiyat bilgisini kontrol alt\u0131na alman\u0131z gerekir. Her sevkiyat kayd\u0131, m\u00fc\u015fterinin bir par\u00e7as\u0131na, miktar\u0131na ve \u00f6nceden belirlenmi\u015f termin tarihlerine ba\u011fl\u0131d\u0131r. \u0130zlenebilirlik halkas\u0131nda olmas\u0131 i\u00e7in mutlaka bir \u00fcretim i\u015f emri ile ili\u015fkilendirilmelidir. M\u00fc\u015fteriye g\u00f6nderdi\u011finiz sevkiyat miktar\u0131 \u00fcr\u00fcn\u00fcn stok durumunu tetikler. Sistem m\u00fc\u015fterinin istedi\u011fi teslimat tarihini kontrol ederek sevkiyat&hellip;<\/p>\n","protected":false},"author":1,"featured_media":0,"parent":10430,"menu_order":0,"comment_status":"closed","ping_status":"closed","template":"","meta":[],"_links":{"self":[{"href":"https:\/\/prodrun.com\/erp\/wp-json\/wp\/v2\/pages\/10456"}],"collection":[{"href":"https:\/\/prodrun.com\/erp\/wp-json\/wp\/v2\/pages"}],"about":[{"href":"https:\/\/prodrun.com\/erp\/wp-json\/wp\/v2\/types\/page"}],"author":[{"embeddable":true,"href":"https:\/\/prodrun.com\/erp\/wp-json\/wp\/v2\/users\/1"}],"replies":[{"embeddable":true,"href":"https:\/\/prodrun.com\/erp\/wp-json\/wp\/v2\/comments?post=10456"}],"version-history":[{"count":4,"href":"https:\/\/prodrun.com\/erp\/wp-json\/wp\/v2\/pages\/10456\/revisions"}],"predecessor-version":[{"id":10733,"href":"https:\/\/prodrun.com\/erp\/wp-json\/wp\/v2\/pages\/10456\/revisions\/10733"}],"up":[{"embeddable":true,"href":"https:\/\/prodrun.com\/erp\/wp-json\/wp\/v2\/pages\/10430"}],"wp:attachment":[{"href":"https:\/\/prodrun.com\/erp\/wp-json\/wp\/v2\/media?parent=10456"}],"curies":[{"name":"wp","href":"https:\/\/api.w.org\/{rel}","templated":true}]}}