{"id":10460,"date":"2018-11-27T11:58:09","date_gmt":"2018-11-27T11:58:09","guid":{"rendered":"https:\/\/prodrun.com\/erp\/?page_id=10460"},"modified":"2018-12-07T11:12:34","modified_gmt":"2018-12-07T11:12:34","slug":"maliyet-analizi","status":"publish","type":"page","link":"https:\/\/prodrun.com\/erp\/ozellikler\/maliyet-analizi\/","title":{"rendered":"Maliyet Analizi"},"content":{"rendered":"<p style=\"font-size: 16px;\">Fabrika i\u00e7inde att\u0131\u011f\u0131n\u0131z her ad\u0131m\u0131n bir maliyeti olur ve bunun ger\u00e7ekten bir kay\u0131p olup olmad\u0131\u011f\u0131n\u0131 bilmeniz gerekir. Harcamalar\u0131n\u0131z\u0131n toplam\u0131 ve \u00fcretim s\u00fcrenizin toplam\u0131 \u00fcretim maliyetiniz hakk\u0131nda kabaca bir bilgi verir. Bunu detayland\u0131rmak istiyorsan\u0131z \u00fcretim i\u015f emirlerinden toplanan veriler \u00e7ok kritik rol oynar.<\/p>\n<p style=\"font-size: 16px;\">Her bir \u00fcr\u00fcn i\u00e7in k\u00e2r ve zarar\u0131 ayr\u0131ca g\u00f6rebilirsiniz. E\u011fer operasyonel maliyetlerinizi d\u00fc\u015f\u00fcrmek istiyorsan\u0131z, \u00f6ncelikle harcad\u0131\u011f\u0131n\u0131z paray\u0131 ve zaman\u0131 kontrol alt\u0131na alman\u0131z gerekir. Prodrun ile, kayb\u0131n\u0131z\u0131 olduk\u00e7a <strong>basit ve h\u0131zl\u0131<\/strong> bir \u015fekilde g\u00f6receksiniz. Daha fazla kazanmak i\u00e7in, \u00f6nce ne kadar kaybetti\u011finizi bilmeniz gerekir.<\/p>\n<p><img loading=\"lazy\" class=\"alignnone size-large wp-image-9647\" src=\"https:\/\/prodrun.com\/erp\/wp-content\/uploads\/2016\/11\/service-item-3-1024x683.jpg\" alt=\"\" width=\"840\" height=\"560\" srcset=\"https:\/\/prodrun.com\/erp\/wp-content\/uploads\/2016\/11\/service-item-3-1024x683.jpg 1024w, https:\/\/prodrun.com\/erp\/wp-content\/uploads\/2016\/11\/service-item-3-300x200.jpg 300w, https:\/\/prodrun.com\/erp\/wp-content\/uploads\/2016\/11\/service-item-3-768x512.jpg 768w, https:\/\/prodrun.com\/erp\/wp-content\/uploads\/2016\/11\/service-item-3-480x321.jpg 480w, https:\/\/prodrun.com\/erp\/wp-content\/uploads\/2016\/11\/service-item-3-600x400.jpg 600w, https:\/\/prodrun.com\/erp\/wp-content\/uploads\/2016\/11\/service-item-3.jpg 1170w\" sizes=\"(max-width: 840px) 100vw, 840px\" \/><\/p>\n<hr>\n<p style=\"font-size: 16px;\">Prodrun&#8217;\u0131n izlenebilirlik ilkesiyle tasarlad\u0131\u011f\u0131 \u00f6nemli i\u015fletme s\u00fcre\u00e7lerini a\u015fa\u011f\u0131daki grafikte g\u00f6rebilirsiniz.<br \/>\n<img loading=\"lazy\" class=\"alignnone wp-image-10652\" src=\"https:\/\/prodrun.com\/erp\/wp-content\/uploads\/2018\/12\/surec_daireler.jpg\" alt=\"\" width=\"555\" height=\"536\"><\/p>\n<p>&nbsp;<\/p>\n<hr>\n","protected":false},"excerpt":{"rendered":"<p>Fabrika i\u00e7inde att\u0131\u011f\u0131n\u0131z her ad\u0131m\u0131n bir maliyeti olur ve bunun ger\u00e7ekten bir kay\u0131p olup olmad\u0131\u011f\u0131n\u0131 bilmeniz gerekir. Harcamalar\u0131n\u0131z\u0131n toplam\u0131 ve \u00fcretim s\u00fcrenizin toplam\u0131 \u00fcretim maliyetiniz hakk\u0131nda kabaca bir bilgi verir. Bunu detayland\u0131rmak istiyorsan\u0131z \u00fcretim i\u015f emirlerinden toplanan veriler \u00e7ok kritik rol oynar. Her bir \u00fcr\u00fcn i\u00e7in k\u00e2r ve zarar\u0131 ayr\u0131ca g\u00f6rebilirsiniz. E\u011fer operasyonel maliyetlerinizi d\u00fc\u015f\u00fcrmek&hellip;<\/p>\n","protected":false},"author":1,"featured_media":0,"parent":10430,"menu_order":0,"comment_status":"closed","ping_status":"closed","template":"","meta":[],"_links":{"self":[{"href":"https:\/\/prodrun.com\/erp\/wp-json\/wp\/v2\/pages\/10460"}],"collection":[{"href":"https:\/\/prodrun.com\/erp\/wp-json\/wp\/v2\/pages"}],"about":[{"href":"https:\/\/prodrun.com\/erp\/wp-json\/wp\/v2\/types\/page"}],"author":[{"embeddable":true,"href":"https:\/\/prodrun.com\/erp\/wp-json\/wp\/v2\/users\/1"}],"replies":[{"embeddable":true,"href":"https:\/\/prodrun.com\/erp\/wp-json\/wp\/v2\/comments?post=10460"}],"version-history":[{"count":5,"href":"https:\/\/prodrun.com\/erp\/wp-json\/wp\/v2\/pages\/10460\/revisions"}],"predecessor-version":[{"id":10750,"href":"https:\/\/prodrun.com\/erp\/wp-json\/wp\/v2\/pages\/10460\/revisions\/10750"}],"up":[{"embeddable":true,"href":"https:\/\/prodrun.com\/erp\/wp-json\/wp\/v2\/pages\/10430"}],"wp:attachment":[{"href":"https:\/\/prodrun.com\/erp\/wp-json\/wp\/v2\/media?parent=10460"}],"curies":[{"name":"wp","href":"https:\/\/api.w.org\/{rel}","templated":true}]}}