{"id":10465,"date":"2018-11-27T11:59:51","date_gmt":"2018-11-27T11:59:51","guid":{"rendered":"https:\/\/prodrun.com\/erp\/?page_id=10465"},"modified":"2018-12-07T11:34:18","modified_gmt":"2018-12-07T11:34:18","slug":"raporlar-pano","status":"publish","type":"page","link":"https:\/\/prodrun.com\/erp\/ozellikler\/raporlar-pano\/","title":{"rendered":"Raporlar &#038; Pano"},"content":{"rendered":"<p style=\"font-size:16px;\">T\u00fcm s\u00fcre\u00e7lerden verileriniz topland\u0131\u011f\u0131nda, i\u015fletmeniz i\u00e7in hayati \u00f6neme sahip raporlar\u0131 g\u00f6receksiniz. Bunlar i\u015fletmenizin veri analizi i\u00e7in temel olu\u015fturacak. \u00d6rne\u011fin tamamlanm\u0131\u015f operasyonlar, m\u00fc\u015fteri ve tedarik\u00e7i bakiyesi, duru\u015f kay\u0131tlar\u0131, s\u0131rada bekleyen operasyonlar, sevkiyat performans\u0131, i\u015f istasyonlar\u0131n\u0131n toplam \u00e7al\u0131\u015fma s\u00fcreleri, teslim al\u0131nmam\u0131\u015f sat\u0131n alma sipari\u015fleri, sevk edilmemi\u015f m\u00fc\u015fteri sipari\u015fleri, operat\u00f6r performans\u0131 gibi raporlar her daim haz\u0131rd\u0131r.<\/p>\n<p style=\"font-size:16px;\">Baz\u0131 basit raporlar veya anl\u0131k bilgiler pano sayfas\u0131ndan h\u0131zl\u0131ca g\u00f6r\u00fclebilir. \u00d6rne\u011fin toplam \u00e7al\u0131\u015fma s\u00fcresi, operasyon bildirimleri, aktif i\u015f istasyonlar\u0131 gibi h\u0131zl\u0131 bilgiler g\u00fcn i\u00e7inde takip yetene\u011finizi y\u00fcksek tutacakt\u0131r.<\/p>\n<p style=\"font-size:16px;\">Prodrun&#8217;da raporlar\u0131n\u0131z\u0131 ve panonuzu geni\u015fletmek i\u00e7in herhangi bir limit yoktur. T\u00fcm raporlar\u0131 PDF veya Excel dosyas\u0131 olarak da alabilirsiniz. Ayr\u0131ca i\u015fletmenize \u00f6zel raporlar\u0131n sistemde yer almas\u0131 i\u00e7in bize talep g\u00f6nderirseniz, hayata ge\u00e7irmekten ve i\u015fletmenize katk\u0131 sa\u011flamas\u0131ndan mutluluk duyar\u0131z!<\/p>\n<p><img loading=\"lazy\" class=\"alignnone size-large wp-image-10347\" src=\"https:\/\/prodrun.com\/erp\/wp-content\/uploads\/2016\/11\/reports-dashboard-1024x683.jpg\" alt=\"\" width=\"840\" height=\"560\" srcset=\"https:\/\/prodrun.com\/erp\/wp-content\/uploads\/2016\/11\/reports-dashboard-1024x683.jpg 1024w, https:\/\/prodrun.com\/erp\/wp-content\/uploads\/2016\/11\/reports-dashboard-300x200.jpg 300w, https:\/\/prodrun.com\/erp\/wp-content\/uploads\/2016\/11\/reports-dashboard-768x512.jpg 768w, https:\/\/prodrun.com\/erp\/wp-content\/uploads\/2016\/11\/reports-dashboard-480x321.jpg 480w, https:\/\/prodrun.com\/erp\/wp-content\/uploads\/2016\/11\/reports-dashboard.jpg 1170w\" sizes=\"(max-width: 840px) 100vw, 840px\" \/><\/p>\n<hr>\n<p style=\"font-size:16px;\">Prodrun&#8217;\u0131n izlenebilirlik ilkesiyle tasarlad\u0131\u011f\u0131 \u00f6nemli i\u015fletme s\u00fcre\u00e7lerini a\u015fa\u011f\u0131daki grafikte g\u00f6rebilirsiniz.<br \/>\n<img loading=\"lazy\" class=\"alignnone wp-image-10652\" src=\"https:\/\/prodrun.com\/erp\/wp-content\/uploads\/2018\/12\/surec_daireler.jpg\" alt=\"\" width=\"555\" height=\"536\"><\/p>\n<p>&nbsp;<\/p>\n<hr>\n","protected":false},"excerpt":{"rendered":"<p>T\u00fcm s\u00fcre\u00e7lerden verileriniz topland\u0131\u011f\u0131nda, i\u015fletmeniz i\u00e7in hayati \u00f6neme sahip raporlar\u0131 g\u00f6receksiniz. Bunlar i\u015fletmenizin veri analizi i\u00e7in temel olu\u015fturacak. \u00d6rne\u011fin tamamlanm\u0131\u015f operasyonlar, m\u00fc\u015fteri ve tedarik\u00e7i bakiyesi, duru\u015f kay\u0131tlar\u0131, s\u0131rada bekleyen operasyonlar, sevkiyat performans\u0131, i\u015f istasyonlar\u0131n\u0131n toplam \u00e7al\u0131\u015fma s\u00fcreleri, teslim al\u0131nmam\u0131\u015f sat\u0131n alma sipari\u015fleri, sevk edilmemi\u015f m\u00fc\u015fteri sipari\u015fleri, operat\u00f6r performans\u0131 gibi raporlar her daim haz\u0131rd\u0131r. Baz\u0131 basit&hellip;<\/p>\n","protected":false},"author":1,"featured_media":0,"parent":10430,"menu_order":0,"comment_status":"closed","ping_status":"closed","template":"","meta":[],"_links":{"self":[{"href":"https:\/\/prodrun.com\/erp\/wp-json\/wp\/v2\/pages\/10465"}],"collection":[{"href":"https:\/\/prodrun.com\/erp\/wp-json\/wp\/v2\/pages"}],"about":[{"href":"https:\/\/prodrun.com\/erp\/wp-json\/wp\/v2\/types\/page"}],"author":[{"embeddable":true,"href":"https:\/\/prodrun.com\/erp\/wp-json\/wp\/v2\/users\/1"}],"replies":[{"embeddable":true,"href":"https:\/\/prodrun.com\/erp\/wp-json\/wp\/v2\/comments?post=10465"}],"version-history":[{"count":4,"href":"https:\/\/prodrun.com\/erp\/wp-json\/wp\/v2\/pages\/10465\/revisions"}],"predecessor-version":[{"id":10782,"href":"https:\/\/prodrun.com\/erp\/wp-json\/wp\/v2\/pages\/10465\/revisions\/10782"}],"up":[{"embeddable":true,"href":"https:\/\/prodrun.com\/erp\/wp-json\/wp\/v2\/pages\/10430"}],"wp:attachment":[{"href":"https:\/\/prodrun.com\/erp\/wp-json\/wp\/v2\/media?parent=10465"}],"curies":[{"name":"wp","href":"https:\/\/api.w.org\/{rel}","templated":true}]}}