{"id":10469,"date":"2018-11-27T12:02:29","date_gmt":"2018-11-27T12:02:29","guid":{"rendered":"https:\/\/prodrun.com\/erp\/?page_id=10469"},"modified":"2018-12-07T10:51:04","modified_gmt":"2018-12-07T10:51:04","slug":"operator-arayuzu","status":"publish","type":"page","link":"https:\/\/prodrun.com\/erp\/ozellikler\/operator-arayuzu\/","title":{"rendered":"Operat\u00f6r Aray\u00fcz\u00fc"},"content":{"rendered":"<p style=\"font-size:16px\">\u00dcretim sahas\u0131nda \u00e7al\u0131\u015fan operat\u00f6rler, tablet \u00fczerinden kulland\u0131klar\u0131 Operat\u00f6r Aray\u00fcz\u00fc uygulamas\u0131 ile operasyonlar ve i\u015f emirleri hakk\u0131nda her \u015feyi g\u00f6rebilir. Siz de nerede olursan\u0131z olun, i\u015f istasyonlar\u0131n\u0131n anl\u0131k durumlar\u0131n\u0131 canl\u0131 olarak takip edebilirsiniz. \u00d6rne\u011fin, operat\u00f6r duru\u015f butonuna dokundu\u011fu zaman, siz de i\u015f istasyonunun ger\u00e7ek zamanl\u0131 bir \u015fekilde &#8220;duru\u015fta&#8221; oldu\u011funu g\u00f6r\u00fcrs\u00fcn\u00fcz. Operat\u00f6rler ayr\u0131ca ger\u00e7ekle\u015fen duru\u015f ile ilgili detaylar\u0131 sisteme girebilirler; duru\u015f tipi, duru\u015f zaman\u0131 ve a\u00e7\u0131klamas\u0131 gibi.<\/p>\n<p style=\"font-size:16px\">Kullan\u0131m\u0131 olduk\u00e7a basittir. Pano sayfas\u0131ndan t\u00fcm i\u015f istasyonlar\u0131n\u0131n hangi i\u015f emrinde, hangi operat\u00f6r\u00fcn, hangi \u00fcr\u00fcn ve m\u00fc\u015fteri i\u00e7in, hangi operasyonda oldu\u011funu g\u00f6rebilirsiniz. Operat\u00f6rler uygulamay\u0131 tabletten, laptop&#8217;tan veya telefondan kullanabilirler.<\/p>\n<p><img loading=\"lazy\" class=\"alignnone wp-image-10684\" src=\"https:\/\/prodrun.com\/erp\/wp-content\/uploads\/2018\/12\/Picture1.jpg\" alt=\"\" width=\"324\" height=\"461\" srcset=\"https:\/\/prodrun.com\/erp\/wp-content\/uploads\/2018\/12\/Picture1.jpg 597w, https:\/\/prodrun.com\/erp\/wp-content\/uploads\/2018\/12\/Picture1-211x300.jpg 211w\" sizes=\"(max-width: 324px) 100vw, 324px\" \/><\/p>\n<p style=\"font-size:16px\">\u00dcretim sahas\u0131nda ka\u011f\u0131tlarla yapabilece\u011finiz her \u015feyi d\u00fc\u015f\u00fcn\u00fcn. \u00d6rne\u011fin ka\u011f\u0131da notlar yazmak, \u00fcretim ba\u015flama biti\u015f zamanlar\u0131n\u0131 belirtmek, adet girmek, teknik resimleri incelemek, operasyon talimatlar\u0131n\u0131 okumak ve di\u011fer benzer i\u015flerin ka\u011f\u0131tla yap\u0131ld\u0131\u011f\u0131n\u0131 hayal edin. Prodrun ile, t\u00fcm bu i\u015flemler ve daha fazlas\u0131 basit bir uygulama ile yap\u0131labiliyor. Operat\u00f6r Aray\u00fcz\u00fc uygulamam\u0131z\u0131n sekt\u00f6rdeki en basit ve en kullan\u0131\u015fl\u0131 operat\u00f6r aray\u00fcz\u00fc oldu\u011funa inan\u0131yoruz. Bunu siz de tecr\u00fcbe etmek istiyorsan\u0131z, uygulamam\u0131z\u0131 \u00fccretsiz deneyebilirsiniz!<\/p>\n<p><img loading=\"lazy\" class=\"alignnone size-large wp-image-10348\" src=\"https:\/\/prodrun.com\/erp\/wp-content\/uploads\/2016\/11\/operator-interface-1024x683.jpg\" alt=\"\" width=\"840\" height=\"560\" srcset=\"https:\/\/prodrun.com\/erp\/wp-content\/uploads\/2016\/11\/operator-interface-1024x683.jpg 1024w, https:\/\/prodrun.com\/erp\/wp-content\/uploads\/2016\/11\/operator-interface-300x200.jpg 300w, https:\/\/prodrun.com\/erp\/wp-content\/uploads\/2016\/11\/operator-interface-768x512.jpg 768w, https:\/\/prodrun.com\/erp\/wp-content\/uploads\/2016\/11\/operator-interface-480x321.jpg 480w, https:\/\/prodrun.com\/erp\/wp-content\/uploads\/2016\/11\/operator-interface.jpg 1170w\" sizes=\"(max-width: 840px) 100vw, 840px\" \/><\/p>\n<hr>\n<p style=\"font-size:16px\">Prodrun&#8217;\u0131n izlenebilirlik ilkesiyle tasarlad\u0131\u011f\u0131 \u00f6nemli i\u015fletme s\u00fcre\u00e7lerini a\u015fa\u011f\u0131daki grafikte g\u00f6rebilirsiniz.<br \/>\n<img loading=\"lazy\" class=\"alignnone wp-image-10652\" src=\"https:\/\/prodrun.com\/erp\/wp-content\/uploads\/2018\/12\/surec_daireler.jpg\" alt=\"\" width=\"555\" height=\"536\"><\/p>\n<hr>\n","protected":false},"excerpt":{"rendered":"<p>\u00dcretim sahas\u0131nda \u00e7al\u0131\u015fan operat\u00f6rler, tablet \u00fczerinden kulland\u0131klar\u0131 Operat\u00f6r Aray\u00fcz\u00fc uygulamas\u0131 ile operasyonlar ve i\u015f emirleri hakk\u0131nda her \u015feyi g\u00f6rebilir. Siz de nerede olursan\u0131z olun, i\u015f istasyonlar\u0131n\u0131n anl\u0131k durumlar\u0131n\u0131 canl\u0131 olarak takip edebilirsiniz. \u00d6rne\u011fin, operat\u00f6r duru\u015f butonuna dokundu\u011fu zaman, siz de i\u015f istasyonunun ger\u00e7ek zamanl\u0131 bir \u015fekilde &#8220;duru\u015fta&#8221; oldu\u011funu g\u00f6r\u00fcrs\u00fcn\u00fcz. Operat\u00f6rler ayr\u0131ca ger\u00e7ekle\u015fen duru\u015f ile ilgili&hellip;<\/p>\n","protected":false},"author":1,"featured_media":0,"parent":10430,"menu_order":0,"comment_status":"closed","ping_status":"closed","template":"","meta":[],"_links":{"self":[{"href":"https:\/\/prodrun.com\/erp\/wp-json\/wp\/v2\/pages\/10469"}],"collection":[{"href":"https:\/\/prodrun.com\/erp\/wp-json\/wp\/v2\/pages"}],"about":[{"href":"https:\/\/prodrun.com\/erp\/wp-json\/wp\/v2\/types\/page"}],"author":[{"embeddable":true,"href":"https:\/\/prodrun.com\/erp\/wp-json\/wp\/v2\/users\/1"}],"replies":[{"embeddable":true,"href":"https:\/\/prodrun.com\/erp\/wp-json\/wp\/v2\/comments?post=10469"}],"version-history":[{"count":5,"href":"https:\/\/prodrun.com\/erp\/wp-json\/wp\/v2\/pages\/10469\/revisions"}],"predecessor-version":[{"id":10730,"href":"https:\/\/prodrun.com\/erp\/wp-json\/wp\/v2\/pages\/10469\/revisions\/10730"}],"up":[{"embeddable":true,"href":"https:\/\/prodrun.com\/erp\/wp-json\/wp\/v2\/pages\/10430"}],"wp:attachment":[{"href":"https:\/\/prodrun.com\/erp\/wp-json\/wp\/v2\/media?parent=10469"}],"curies":[{"name":"wp","href":"https:\/\/api.w.org\/{rel}","templated":true}]}}