{"id":10512,"date":"2018-11-28T11:32:59","date_gmt":"2018-11-28T11:32:59","guid":{"rendered":"https:\/\/prodrun.com\/erp\/?page_id=10512"},"modified":"2019-10-21T07:58:03","modified_gmt":"2019-10-21T07:58:03","slug":"firma-tarihcesi","status":"publish","type":"page","link":"https:\/\/prodrun.com\/erp\/firma-tarihcesi\/","title":{"rendered":"Tarih\u00e7e\/Hakk\u0131m\u0131zda"},"content":{"rendered":"<p>[vc_row][vc_column]<div class=\"amwal-company-history  history-style-2\">\t<span class=\"year\">2014<\/span>\n\t\t\t\t\t<div class=\"box-content\">\n\t\t\t\t\t\t<div class=\"history-desc\">\n\t\t\t\t\t\t\t<span class=\"title\">Ak\u0131ll\u0131 \u00dcretim'in Ortaya \u00c7\u0131kmas\u0131<\/span>\n\t\t\t\t\t\t\t<div class=\"desc\"><p>Bu y\u0131l, \u00fcretim sahas\u0131nda kar\u015f\u0131la\u015ft\u0131\u011f\u0131m\u0131z sorunlar\u0131 \u00e7\u00f6zmek i\u00e7in yepyeni bir yaz\u0131l\u0131m geli\u015ftirdik. Dan\u0131\u015fmanl\u0131k tecr\u00fcbelerimizi dijital teknolojilere aktard\u0131k ve bu sisteme &#8220;Ak\u0131ll\u0131 \u00dcretim&#8221; ad\u0131n\u0131 verdik.<\/p>\n<\/div>\n\t\t\t\t\t\t<\/div>\n\t\t\t\t\t<\/div>\n\t\t\t\t<\/div><div class=\"amwal-company-history  history-style-2\">\t<span class=\"year\">2016<\/span>\n\t\t\t\t\t<div class=\"box-content\">\n\t\t\t\t\t\t<div class=\"history-desc\">\n\t\t\t\t\t\t\t<span class=\"title\">\u015eirketler Aras\u0131 Ba\u011f\u0131n G\u00fcc\u00fc<\/span>\n\t\t\t\t\t\t\t<div class=\"desc\"><p>\u00dc\u00e7 y\u0131l boyunca, yaz\u0131l\u0131m ve dijital \u00e7\u00f6z\u00fcmlerimizde m\u00fckemmelli\u011fe ula\u015fmak i\u00e7in y\u00fczlerce \u015firketle ileti\u015fime ge\u00e7tik. \u0130\u015fletmeler aras\u0131 kar\u015f\u0131l\u0131kl\u0131 fayda i\u00e7in her zaman yak\u0131n temas\u0131n g\u00fcc\u00fcne inand\u0131k.<\/p>\n<\/div>\n\t\t\t\t\t\t<\/div>\n\t\t\t\t\t<\/div>\n\t\t\t\t<\/div><div class=\"amwal-company-history  history-style-2\">\t<span class=\"year\">2018<\/span>\n\t\t\t\t\t<div class=\"box-content\">\n\t\t\t\t\t\t<div class=\"history-desc\">\n\t\t\t\t\t\t\t<span class=\"title\">Bulut'a Ge\u00e7i\u015f<\/span>\n\t\t\t\t\t\t\t<div class=\"desc\"><p>\u0130\u015fletmelerin gelecekteki f\u0131rsatlar\u0131n\u0131n her zaman bulut tabanl\u0131 bir yaz\u0131l\u0131mda olmas\u0131 gerekti\u011fini fark ettik ve t\u00fcm dijital s\u00fcre\u00e7lerimizi bulut teknolojisine ta\u015f\u0131maya karar verdik ve bu yaz\u0131l\u0131m sistemine Prodrun ad\u0131n\u0131 verdik.<\/p>\n<\/div>\n\t\t\t\t\t\t<\/div>\n\t\t\t\t\t<\/div>\n\t\t\t\t<\/div><div class=\"amwal-company-history  history-style-2 hide-padding\">\t<span class=\"year\">\u015eimdi<\/span>\n\t\t\t\t\t<div class=\"box-content\">\n\t\t\t\t\t\t<div class=\"history-desc\">\n\t\t\t\t\t\t\t<span class=\"title\">Bitmek Bilmeyen Tutkuyla \u00c7al\u0131\u015fma<\/span>\n\t\t\t\t\t\t\t<div class=\"desc\"><p>Halen \u015firketinizin b\u00fcy\u00fcmesini \u00f6nemsiyor ve sizin i\u00e7in en yal\u0131n \u00e7\u00f6z\u00fcmleri geli\u015ftirmeye devam ediyoruz.\u00a0Bir problemi \u00e7\u00f6zmenin en basit yolunu bulmak i\u00e7in bitmek bilmeyen bir tutkuyla \u00e7al\u0131\u015f\u0131yoruz ve size yard\u0131m etmek i\u00e7in can at\u0131yoruz.<\/p>\n<\/div>\n\t\t\t\t\t\t<\/div>\n\t\t\t\t\t<\/div>\n\t\t\t\t<\/div>[\/vc_column][\/vc_row]<\/p>\n","protected":false},"excerpt":{"rendered":"<p>[vc_row][vc_column][\/vc_column][\/vc_row]<\/p>\n","protected":false},"author":1,"featured_media":0,"parent":0,"menu_order":0,"comment_status":"closed","ping_status":"closed","template":"","meta":[],"_links":{"self":[{"href":"https:\/\/prodrun.com\/erp\/wp-json\/wp\/v2\/pages\/10512"}],"collection":[{"href":"https:\/\/prodrun.com\/erp\/wp-json\/wp\/v2\/pages"}],"about":[{"href":"https:\/\/prodrun.com\/erp\/wp-json\/wp\/v2\/types\/page"}],"author":[{"embeddable":true,"href":"https:\/\/prodrun.com\/erp\/wp-json\/wp\/v2\/users\/1"}],"replies":[{"embeddable":true,"href":"https:\/\/prodrun.com\/erp\/wp-json\/wp\/v2\/comments?post=10512"}],"version-history":[{"count":12,"href":"https:\/\/prodrun.com\/erp\/wp-json\/wp\/v2\/pages\/10512\/revisions"}],"predecessor-version":[{"id":11121,"href":"https:\/\/prodrun.com\/erp\/wp-json\/wp\/v2\/pages\/10512\/revisions\/11121"}],"wp:attachment":[{"href":"https:\/\/prodrun.com\/erp\/wp-json\/wp\/v2\/media?parent=10512"}],"curies":[{"name":"wp","href":"https:\/\/api.w.org\/{rel}","templated":true}]}}