{"id":10542,"date":"2018-11-29T11:26:26","date_gmt":"2018-11-29T11:26:26","guid":{"rendered":"https:\/\/prodrun.com\/erp\/?page_id=10542"},"modified":"2018-12-09T14:51:19","modified_gmt":"2018-12-09T14:51:19","slug":"subelerimiz","status":"publish","type":"page","link":"https:\/\/prodrun.com\/erp\/subelerimiz\/","title":{"rendered":"\u015eubelerimiz"},"content":{"rendered":"<p>[vc_row css=&#8221;.vc_custom_1480498336434{padding-top: 100px !important;}&#8221;][vc_column]<div class=\"section-title title-block title-style-1 text-center\"><span class=\"top-title\"><\/span><h2 class=\"title\">D\u00fcnyan\u0131n Her Yerine Hizmet Ediyoruz<\/h2><\/div>[vc_single_image image=&#8221;9706&#8243; img_size=&#8221;full&#8221; alignment=&#8221;center&#8221;][\/vc_column][\/vc_row][vc_row css=&#8221;.vc_custom_1480498395962{padding-top: 60px !important;padding-bottom: 70px !important;}&#8221;][vc_column]<div class=\"amwal-contacts-carousel  contacts-info-style-2\">\n            \t<div class=\"owl-contacts-list row\" id=\"contacts-carousel-69d38af3c3a84\">\n            \t\t<div class=\"item-contact col-md-3 col-sm-6 col-xs-12\"><div class=\"contact-info\"><h4 class=\"title\">T\u00fcrkiye<\/h4> <div class=\"desc\"><p>support_tr@prodrun.com<br \/>\n<i class=\"fa fa-map-marker\"><\/i><\/p>\n<\/div><\/div><\/div> <div class=\"item-contact col-md-3 col-sm-6 col-xs-12\"><div class=\"contact-info\"><h4 class=\"title\">Romanya<\/h4> <div class=\"desc\"><p><i class=\"fa fa-envelope-square\"><\/i>support_ro@prodrun.com<\/p>\n<\/div><\/div><\/div> <div class=\"item-contact col-md-3 col-sm-6 col-xs-12\"><div class=\"contact-info\"><h4 class=\"title\">Bulgaristan<\/h4> <div class=\"desc\"><p><i class=\"fa fa-envelope-square\"><\/i>support_bg@prodrun.com<\/p>\n<\/div><\/div><\/div> <div class=\"item-contact col-md-3 col-sm-6 col-xs-12\"><div class=\"contact-info\"><h4 class=\"title\">\u0130ngiltere<\/h4> <div class=\"desc\"><p><i class=\"fa fa-envelope-square\"><\/i>support_uk@prodrun.com<\/p>\n<\/div><\/div><\/div>\n                <\/div>\n\t\t\t<\/div>[vc_cta h2=&#8221;\u015eube veya sat\u0131\u015f temsilcimiz olmak ister misiniz?&#8221; add_icon=&#8221;left&#8221; i_icon_fontawesome=&#8221;fa fa-globe&#8221;]<a href=\"https:\/\/prodrun.com\/erp\/tr\/bize-ulasin\"><strong><u>Bize hemen ula\u015f\u0131n<\/u><\/strong><\/a> ve temsilcilik avantajlar\u0131m\u0131z\u0131 \u00f6\u011frenin![\/vc_cta][\/vc_column][\/vc_row]<\/p>\n","protected":false},"excerpt":{"rendered":"<p>[vc_row css=&#8221;.vc_custom_1480498336434{padding-top: 100px !important;}&#8221;][vc_column][vc_single_image image=&#8221;9706&#8243; img_size=&#8221;full&#8221; alignment=&#8221;center&#8221;][\/vc_column][\/vc_row][vc_row css=&#8221;.vc_custom_1480498395962{padding-top: 60px !important;padding-bottom: 70px !important;}&#8221;][vc_column][vc_cta h2=&#8221;\u015eube veya sat\u0131\u015f temsilcimiz olmak ister misiniz?&#8221; add_icon=&#8221;left&#8221; i_icon_fontawesome=&#8221;fa fa-globe&#8221;]Bize hemen ula\u015f\u0131n ve temsilcilik avantajlar\u0131m\u0131z\u0131 \u00f6\u011frenin![\/vc_cta][\/vc_column][\/vc_row]<\/p>\n","protected":false},"author":1,"featured_media":0,"parent":0,"menu_order":0,"comment_status":"closed","ping_status":"closed","template":"template-full-width.php","meta":[],"_links":{"self":[{"href":"https:\/\/prodrun.com\/erp\/wp-json\/wp\/v2\/pages\/10542"}],"collection":[{"href":"https:\/\/prodrun.com\/erp\/wp-json\/wp\/v2\/pages"}],"about":[{"href":"https:\/\/prodrun.com\/erp\/wp-json\/wp\/v2\/types\/page"}],"author":[{"embeddable":true,"href":"https:\/\/prodrun.com\/erp\/wp-json\/wp\/v2\/users\/1"}],"replies":[{"embeddable":true,"href":"https:\/\/prodrun.com\/erp\/wp-json\/wp\/v2\/comments?post=10542"}],"version-history":[{"count":3,"href":"https:\/\/prodrun.com\/erp\/wp-json\/wp\/v2\/pages\/10542\/revisions"}],"predecessor-version":[{"id":10958,"href":"https:\/\/prodrun.com\/erp\/wp-json\/wp\/v2\/pages\/10542\/revisions\/10958"}],"wp:attachment":[{"href":"https:\/\/prodrun.com\/erp\/wp-json\/wp\/v2\/media?parent=10542"}],"curies":[{"name":"wp","href":"https:\/\/api.w.org\/{rel}","templated":true}]}}