{"id":10976,"date":"2018-12-11T12:46:58","date_gmt":"2018-12-11T12:46:58","guid":{"rendered":"https:\/\/prodrun.com\/erp\/?page_id=10976"},"modified":"2019-10-21T08:08:33","modified_gmt":"2019-10-21T08:08:33","slug":"teslimat-ve-iade","status":"publish","type":"page","link":"https:\/\/prodrun.com\/erp\/teslimat-ve-iade\/","title":{"rendered":"Teslimat ve \u0130ade"},"content":{"rendered":"<p>TESL\u0130MAT ve \u0130ADE<\/p>\n<p>Firmam\u0131z, \u00f6deme yap\u0131ld\u0131ktan sonra herhangi bir nedenle memnun kalmad\u0131\u011f\u0131n\u0131zda, para iadesi veya de\u011fi\u015ftirme i\u00e7in \u00f6ncelikli yapman\u0131z gereken, hizmet alma tarihinden itibaren 14 g\u00fcn i\u00e7inde bize talebinizi yaz\u0131l\u0131 veya m\u00fc\u015fteri hizmetleri arac\u0131l\u0131\u011f\u0131yla s\u00f6zl\u00fc olarak iletmenizdir.<\/p>\n<p>\u0130ade talebiniz bize ula\u015ft\u0131ktan sonra, teknik ekibimiz taraf\u0131ndan a\u015fa\u011f\u0131da belirtilen iade ko\u015fullar\u0131na uygunlu\u011fu de\u011ferlendirilir. Onayland\u0131\u011f\u0131 takdirde bedeli taraf\u0131m\u0131zca kar\u015f\u0131lan\u0131r.<\/p>\n<p>\u0130nternetten veya normal yollar ile yap\u0131lan \u00f6demelerde iade durumunda faturas\u0131 ile birlikte, \u00fczerindeki gider pusulas\u0131 b\u00f6l\u00fcm\u00fc \u0131slak imzal\u0131 olarak g\u00f6ndermeniz\/getirmeniz gerekmektedir.<\/p>\n<p>Faturan\u0131z veya talebinizin bize ula\u015fmas\u0131n\u0131 takip eden 14 g\u00fcn i\u00e7erisinde size iade i\u015flemi ger\u00e7ekle\u015ftirilir. Kredi kart\u0131n\u0131za iade i\u015fleminin yans\u0131mas\u0131, normal ko\u015fullar alt\u0131nda 2-5 i\u015f g\u00fcn\u00fc s\u00fcrmekle beraber bankan\u0131z\u0131n prosed\u00fcrlerine ba\u011fl\u0131 olarak de\u011fi\u015febilmektedir.<\/p>\n<p>Eposta: info@prodrun.com<\/p>\n","protected":false},"excerpt":{"rendered":"<p>TESL\u0130MAT ve \u0130ADE Firmam\u0131z, \u00f6deme yap\u0131ld\u0131ktan sonra herhangi bir nedenle memnun kalmad\u0131\u011f\u0131n\u0131zda, para iadesi veya de\u011fi\u015ftirme i\u00e7in \u00f6ncelikli yapman\u0131z gereken, hizmet alma tarihinden itibaren 14 g\u00fcn i\u00e7inde bize talebinizi yaz\u0131l\u0131 veya m\u00fc\u015fteri hizmetleri arac\u0131l\u0131\u011f\u0131yla s\u00f6zl\u00fc olarak iletmenizdir. \u0130ade talebiniz bize ula\u015ft\u0131ktan sonra, teknik ekibimiz taraf\u0131ndan a\u015fa\u011f\u0131da belirtilen iade ko\u015fullar\u0131na uygunlu\u011fu de\u011ferlendirilir. Onayland\u0131\u011f\u0131 takdirde bedeli taraf\u0131m\u0131zca&hellip;<\/p>\n","protected":false},"author":1,"featured_media":0,"parent":0,"menu_order":0,"comment_status":"closed","ping_status":"closed","template":"","meta":[],"_links":{"self":[{"href":"https:\/\/prodrun.com\/erp\/wp-json\/wp\/v2\/pages\/10976"}],"collection":[{"href":"https:\/\/prodrun.com\/erp\/wp-json\/wp\/v2\/pages"}],"about":[{"href":"https:\/\/prodrun.com\/erp\/wp-json\/wp\/v2\/types\/page"}],"author":[{"embeddable":true,"href":"https:\/\/prodrun.com\/erp\/wp-json\/wp\/v2\/users\/1"}],"replies":[{"embeddable":true,"href":"https:\/\/prodrun.com\/erp\/wp-json\/wp\/v2\/comments?post=10976"}],"version-history":[{"count":2,"href":"https:\/\/prodrun.com\/erp\/wp-json\/wp\/v2\/pages\/10976\/revisions"}],"predecessor-version":[{"id":11125,"href":"https:\/\/prodrun.com\/erp\/wp-json\/wp\/v2\/pages\/10976\/revisions\/11125"}],"wp:attachment":[{"href":"https:\/\/prodrun.com\/erp\/wp-json\/wp\/v2\/media?parent=10976"}],"curies":[{"name":"wp","href":"https:\/\/api.w.org\/{rel}","templated":true}]}}