{"id":10984,"date":"2018-12-11T12:59:14","date_gmt":"2018-12-11T12:59:14","guid":{"rendered":"https:\/\/prodrun.com\/erp\/?page_id=10984"},"modified":"2018-12-12T13:50:15","modified_gmt":"2018-12-12T13:50:15","slug":"politika-sozlesmeler","status":"publish","type":"page","link":"https:\/\/prodrun.com\/erp\/politika-sozlesmeler\/","title":{"rendered":"S\u00f6zle\u015fmeler"},"content":{"rendered":"<h2><a href=\"https:\/\/prodrun.com\/erp\/tr\/gizlilik-politikasi\/\"><u>Gizlilik Politikas\u0131<\/u><\/a><\/h2>\n<h2><a href=\"https:\/\/prodrun.com\/erp\/tr\/teslimat-ve-iade\/\"><u>Teslimat ve \u0130ade<\/u><\/a><\/h2>\n<h2><a href=\"https:\/\/prodrun.com\/erp\/tr\/mesafeli-satis-sozlesmesi\/\"><u>Mesafeli Sat\u0131\u015f S\u00f6zle\u015fmesi<\/u><\/a><\/h2>\n","protected":false},"excerpt":{"rendered":"<p>Gizlilik Politikas\u0131 Teslimat ve \u0130ade Mesafeli Sat\u0131\u015f S\u00f6zle\u015fmesi<\/p>\n","protected":false},"author":1,"featured_media":0,"parent":0,"menu_order":0,"comment_status":"closed","ping_status":"closed","template":"","meta":[],"_links":{"self":[{"href":"https:\/\/prodrun.com\/erp\/wp-json\/wp\/v2\/pages\/10984"}],"collection":[{"href":"https:\/\/prodrun.com\/erp\/wp-json\/wp\/v2\/pages"}],"about":[{"href":"https:\/\/prodrun.com\/erp\/wp-json\/wp\/v2\/types\/page"}],"author":[{"embeddable":true,"href":"https:\/\/prodrun.com\/erp\/wp-json\/wp\/v2\/users\/1"}],"replies":[{"embeddable":true,"href":"https:\/\/prodrun.com\/erp\/wp-json\/wp\/v2\/comments?post=10984"}],"version-history":[{"count":4,"href":"https:\/\/prodrun.com\/erp\/wp-json\/wp\/v2\/pages\/10984\/revisions"}],"predecessor-version":[{"id":11003,"href":"https:\/\/prodrun.com\/erp\/wp-json\/wp\/v2\/pages\/10984\/revisions\/11003"}],"wp:attachment":[{"href":"https:\/\/prodrun.com\/erp\/wp-json\/wp\/v2\/media?parent=10984"}],"curies":[{"name":"wp","href":"https:\/\/api.w.org\/{rel}","templated":true}]}}