{"id":11055,"date":"2018-12-18T13:11:17","date_gmt":"2018-12-18T13:11:17","guid":{"rendered":"https:\/\/prodrun.com\/erp\/?page_id=11055"},"modified":"2018-12-18T14:53:13","modified_gmt":"2018-12-18T14:53:13","slug":"hizli-baslangic","status":"publish","type":"page","link":"https:\/\/prodrun.com\/erp\/dokumantasyon\/hizli-baslangic\/","title":{"rendered":"H\u0131zl\u0131 Ba\u015flang\u0131\u00e7"},"content":{"rendered":"<div style=\"font-size: 16px;\">\n<p>Prodrun&#8217;a ilk defa giri\u015f yapt\u0131\u011f\u0131n\u0131zda, hen\u00fcz tan\u0131ml\u0131 herhangi bir \u015fey olmad\u0131\u011f\u0131n\u0131 g\u00f6receksiniz. Sistemi h\u0131zl\u0131 bir \u015fekilde kullanmaya ba\u015flamak i\u00e7in ilk olarak \u00fcr\u00fcn eklemeniz gerekmektedir.<\/p>\n<hr \/>\n<h3><strong>\u0130lk \u00dcr\u00fcn\u00fc Eklemek<\/strong><\/h3>\n<hr \/>\n<p><img loading=\"lazy\" class=\"alignnone wp-image-11063 \" style=\"border: 1px solid #021a40;\" src=\"https:\/\/prodrun.com\/erp\/wp-content\/uploads\/2018\/12\/prodrun_ilk_giris.png\" alt=\"\" width=\"500\" height=\"320\" srcset=\"https:\/\/prodrun.com\/erp\/wp-content\/uploads\/2018\/12\/prodrun_ilk_giris.png 612w, https:\/\/prodrun.com\/erp\/wp-content\/uploads\/2018\/12\/prodrun_ilk_giris-300x192.png 300w\" sizes=\"(max-width: 500px) 100vw, 500px\" \/><\/p>\n<p><strong>\u00dcr\u00fcnler<\/strong> mod\u00fcl\u00fcn\u00fcn alt\u0131nda yer alan <strong>\u00dcr\u00fcn ve Par\u00e7a Listesi<\/strong>\u00a0sayfas\u0131na girin.<\/p>\n<p><img loading=\"lazy\" class=\"alignnone wp-image-11065\" style=\"border: 1px solid #021a40;\" src=\"https:\/\/prodrun.com\/erp\/wp-content\/uploads\/2018\/12\/urun_bulunamadi.png\" alt=\"\" width=\"500\" height=\"311\" srcset=\"https:\/\/prodrun.com\/erp\/wp-content\/uploads\/2018\/12\/urun_bulunamadi.png 652w, https:\/\/prodrun.com\/erp\/wp-content\/uploads\/2018\/12\/urun_bulunamadi-300x187.png 300w\" sizes=\"(max-width: 500px) 100vw, 500px\" \/><\/p>\n<p><strong>Yeni Ekle<\/strong> butonuna t\u0131klay\u0131n.<\/p>\n<p><img loading=\"lazy\" class=\"alignnone wp-image-11067 \" style=\"border: 1px solid #021a40;\" src=\"https:\/\/prodrun.com\/erp\/wp-content\/uploads\/2018\/12\/urun_ekle_genel_bilgiler.png\" alt=\"\" width=\"500\" height=\"307\" srcset=\"https:\/\/prodrun.com\/erp\/wp-content\/uploads\/2018\/12\/urun_ekle_genel_bilgiler.png 1292w, https:\/\/prodrun.com\/erp\/wp-content\/uploads\/2018\/12\/urun_ekle_genel_bilgiler-300x184.png 300w, https:\/\/prodrun.com\/erp\/wp-content\/uploads\/2018\/12\/urun_ekle_genel_bilgiler-768x471.png 768w, https:\/\/prodrun.com\/erp\/wp-content\/uploads\/2018\/12\/urun_ekle_genel_bilgiler-1024x629.png 1024w\" sizes=\"(max-width: 500px) 100vw, 500px\" \/><\/p>\n<p>Bu sayfada, yukarda 4 tane sekme g\u00f6receksiniz. \u0130lk sekme olan\u00a0<strong>Genel Bilgiler\u00a0<\/strong>sekmesinde, <strong>Par\u00e7a No<\/strong> k\u0131sm\u0131na \u00fcr\u00fcn kodunu girin ve <strong>Genel Bilgileri Kaydet<\/strong> butonuna t\u0131klay\u0131n.<\/p>\n<p>\u00dcr\u00fcn eklendikten sonra ikinci sekme olan <strong>Operasyonlar<\/strong> sekmesine y\u00f6nlendirileceksiniz. \u00dcr\u00fcne ait ilk operasyonu tan\u0131mlamak i\u00e7in\u00a0<strong>Yeni Operasyon<\/strong> butonuna t\u0131klay\u0131n. Bu operasyonlar katma de\u011fer yaratan \u00fcretim operasyonlar\u0131 olmal\u0131d\u0131r. Bizim \u00f6rne\u011fimizde;<\/p>\n<p><img loading=\"lazy\" class=\"alignnone wp-image-10852\" style=\"border: 1px solid #021a40;\" src=\"https:\/\/prodrun.com\/erp\/wp-content\/uploads\/2018\/12\/surec_effect.jpg\" alt=\"\" width=\"500\" height=\"264\" srcset=\"https:\/\/prodrun.com\/erp\/wp-content\/uploads\/2018\/12\/surec_effect.jpg 900w, https:\/\/prodrun.com\/erp\/wp-content\/uploads\/2018\/12\/surec_effect-300x159.jpg 300w, https:\/\/prodrun.com\/erp\/wp-content\/uploads\/2018\/12\/surec_effect-768x406.jpg 768w\" sizes=\"(max-width: 500px) 100vw, 500px\" \/><\/p>\n<p>Par\u00e7a No: XYZ.<br \/>\nKatma De\u011fer Operasyonlar: KES\u0130M, DEL\u0130K DELME ve BOYAMA.<\/p>\n<p>Her bir operasyon i\u00e7in\u00a0Operasyon No ve\u00a0Yar\u0131 Mamul Par\u00e7a No girmeniz gerekiyor.<\/p>\n<p><strong>Operasyon No<\/strong> operasyon hakk\u0131nda bilgi veren en k\u0131sa kod veya isim olabilir (\u00d6rne\u011fin: <em>KES\u0130M, KAYNAK<\/em>). <strong>Yar\u0131 Mamul Par\u00e7a No<\/strong> ise bu operasyon ile \u00fcretilen par\u00e7an\u0131n stokta g\u00f6r\u00fcnecek numaras\u0131\/kodu olabilir (\u00d6rne\u011fin: <em>XYZ-KES\u0130M, XYZ-KAYNAK<\/em>).<\/p>\n<p>Bu operasyonlar\u0131 <strong>Operasyonu Kaydet<\/strong> butonu ile kaydedin. Tabloda XYZ par\u00e7as\u0131n\u0131n operasyonlar\u0131n\u0131 g\u00f6receksiniz.<\/p>\n<p><img loading=\"lazy\" class=\"alignnone wp-image-11069\" style=\"border: 1px solid #021a40;\" src=\"https:\/\/prodrun.com\/erp\/wp-content\/uploads\/2018\/12\/operasyonlar_tablo.png\" alt=\"\" width=\"500\" height=\"321\" srcset=\"https:\/\/prodrun.com\/erp\/wp-content\/uploads\/2018\/12\/operasyonlar_tablo.png 697w, https:\/\/prodrun.com\/erp\/wp-content\/uploads\/2018\/12\/operasyonlar_tablo-300x193.png 300w\" sizes=\"(max-width: 500px) 100vw, 500px\" \/><\/p>\n<p>Operat\u00f6rlerinizi ve i\u015f istasyonlar\u0131n\u0131z\u0131, <strong>\u00dcretim<\/strong> mod\u00fcl\u00fcn\u00fcn alt\u0131nda yer alan <strong>Operasyonlar<\/strong> ve <strong>\u0130\u015f \u0130stasyonlar\u0131<\/strong>\u00a0sayfas\u0131ndan ekleyebilirsiniz. Her bir sayfada <strong>Yeni Ekle<\/strong> butonunu kullanarak <strong>Operat\u00f6r Ad\u0131<\/strong> ve <strong>\u0130\u015f \u0130stasyon Kodu<\/strong> yaz\u0131n ve <strong>Kaydet<\/strong> butonu ile sisteme ekleyin.<\/p>\n<p><img loading=\"lazy\" class=\"alignnone wp-image-11070 \" style=\"border: 1px solid #021a40;\" src=\"https:\/\/prodrun.com\/erp\/wp-content\/uploads\/2018\/12\/uretim_modulu_menusu.png\" alt=\"\" width=\"250\" height=\"299\" \/><\/p>\n<p>Art\u0131k ilk \u00fcretim i\u015f emrini a\u00e7maya haz\u0131rs\u0131n\u0131z. <strong>\u00dcretim<\/strong> mod\u00fcl\u00fcn\u00fcn alt\u0131nda yer alan <strong>\u0130\u015f Emirleri<\/strong> sayfas\u0131na girin. <strong>Yeni Ekle<\/strong> butonuna tklay\u0131n.<\/p>\n<p><img loading=\"lazy\" class=\"alignnone wp-image-11071\" style=\"border: 1px solid #021a40;\" src=\"https:\/\/prodrun.com\/erp\/wp-content\/uploads\/2018\/12\/is_emri_ac.png\" alt=\"\" width=\"500\" height=\"194\" srcset=\"https:\/\/prodrun.com\/erp\/wp-content\/uploads\/2018\/12\/is_emri_ac.png 968w, https:\/\/prodrun.com\/erp\/wp-content\/uploads\/2018\/12\/is_emri_ac-300x116.png 300w, https:\/\/prodrun.com\/erp\/wp-content\/uploads\/2018\/12\/is_emri_ac-768x298.png 768w\" sizes=\"(max-width: 500px) 100vw, 500px\" \/><\/p>\n<p>Bir <strong>\u0130\u015f Emri No<\/strong> yaz\u0131n veya kod olu\u015fturun (genellikle 1 numaradan ba\u015flar), kay\u0131tl\u0131\u00a0<strong>Par\u00e7a No<\/strong> se\u00e7in ve <strong>Miktar<\/strong> bilgisini girin. \u0130\u015f emrini a\u00e7mak i\u00e7in\u00a0<strong>Kaydet<\/strong> butonuna bast\u0131ktan sonra, i\u015f emrinin \u00f6nceden tan\u0131mlad\u0131\u011f\u0131n\u0131z operasyonlarla birlikte a\u00e7\u0131ld\u0131\u011f\u0131n\u0131 g\u00f6receksiniz. T\u00fcm operasyonlar <strong>S\u0131rada<\/strong> bekliyor durumda olacak.<\/p>\n<p><img loading=\"lazy\" class=\"alignnone wp-image-11073\" style=\"border: 1px solid #021a40;\" src=\"https:\/\/prodrun.com\/erp\/wp-content\/uploads\/2018\/12\/is_emri_operasyon_kayitlari.png\" alt=\"\" width=\"500\" height=\"243\" srcset=\"https:\/\/prodrun.com\/erp\/wp-content\/uploads\/2018\/12\/is_emri_operasyon_kayitlari.png 651w, https:\/\/prodrun.com\/erp\/wp-content\/uploads\/2018\/12\/is_emri_operasyon_kayitlari-300x146.png 300w\" sizes=\"(max-width: 500px) 100vw, 500px\" \/><\/p>\n<p>\u015eu andan itibaren operat\u00f6r aray\u00fcz\u00fcnden \u00fcretim verilerini toplamaya ba\u015flayabilirsiniz. <strong>\u00dcretim<\/strong> mod\u00fcl\u00fcn\u00fcn alt\u0131nda yer alan <strong>Operat\u00f6r Aray\u00fcz\u00fc<\/strong> sayfas\u0131na girin. <strong>Genel<\/strong> adl\u0131 birime t\u0131klarsan\u0131z, t\u00fcm i\u015f istasyonlar\u0131n\u0131n se\u00e7ilebilir oldu\u011funu g\u00f6receksiniz.<\/p>\n<p><img loading=\"lazy\" class=\"alignnone wp-image-11074\" style=\"border: 1px solid #021a40;\" src=\"https:\/\/prodrun.com\/erp\/wp-content\/uploads\/2018\/12\/operator_arayuzu.png\" alt=\"\" width=\"500\" height=\"253\" srcset=\"https:\/\/prodrun.com\/erp\/wp-content\/uploads\/2018\/12\/operator_arayuzu.png 883w, https:\/\/prodrun.com\/erp\/wp-content\/uploads\/2018\/12\/operator_arayuzu-300x152.png 300w, https:\/\/prodrun.com\/erp\/wp-content\/uploads\/2018\/12\/operator_arayuzu-768x389.png 768w\" sizes=\"(max-width: 500px) 100vw, 500px\" \/><\/p>\n<p>Operat\u00f6r aray\u00fcz\u00fc burada g\u00f6rd\u00fc\u011f\u00fcn\u00fcz basitliktedir. 4 adet olan se\u00e7im listesini tamamlay\u0131n. T\u00fcm se\u00e7imleri yapt\u0131ktan sonra <strong>Ayara Ba\u015fla<\/strong> veya <strong>Operasyona Ba\u015fla<\/strong> butonu ile operasyona ba\u015flad\u0131\u011f\u0131n\u0131z bilgisini sisteme i\u015fleyebilirsiniz.<\/p>\n<p><img loading=\"lazy\" class=\"alignnone wp-image-11075\" style=\"border: 1px solid #021a40;\" src=\"https:\/\/prodrun.com\/erp\/wp-content\/uploads\/2018\/12\/operator_arayuzu_secim_yapildi.png\" alt=\"\" width=\"500\" height=\"345\" srcset=\"https:\/\/prodrun.com\/erp\/wp-content\/uploads\/2018\/12\/operator_arayuzu_secim_yapildi.png 884w, https:\/\/prodrun.com\/erp\/wp-content\/uploads\/2018\/12\/operator_arayuzu_secim_yapildi-300x207.png 300w, https:\/\/prodrun.com\/erp\/wp-content\/uploads\/2018\/12\/operator_arayuzu_secim_yapildi-768x530.png 768w\" sizes=\"(max-width: 500px) 100vw, 500px\" \/><\/p>\n<p>E\u011fer <strong>Operasyona Ba\u015fla<\/strong> butonuna t\u0131klarsan\u0131z,\u00a0<strong>Pano<\/strong> sayfas\u0131nda ilgili i\u015f istasyonunun <strong>\u0130\u015flemde<\/strong> oldu\u011fu bilgisine anl\u0131k ula\u015fabilirsiniz.<\/p>\n<p><img loading=\"lazy\" class=\"alignnone wp-image-11077\" style=\"border: 1px solid #021a40;\" src=\"https:\/\/prodrun.com\/erp\/wp-content\/uploads\/2018\/12\/aktif_is_istasyonu.png\" alt=\"\" width=\"350\" height=\"223\" srcset=\"https:\/\/prodrun.com\/erp\/wp-content\/uploads\/2018\/12\/aktif_is_istasyonu.png 375w, https:\/\/prodrun.com\/erp\/wp-content\/uploads\/2018\/12\/aktif_is_istasyonu-300x191.png 300w\" sizes=\"(max-width: 350px) 100vw, 350px\" \/><\/p>\n<hr \/>\n<h3><strong>Operat\u00f6r Aray\u00fcz\u00fcne Tabletten Ula\u015fmak<\/strong><\/h3>\n<hr \/>\n<p>Bu sayfaya girin:\u00a0<a href=\"https:\/\/prodrun.com\/get\" target=\"_blank\" rel=\"noopener\">https:\/\/prodrun.com\/get<\/a><\/p>\n<p>APK dosyas\u0131n\u0131 indirmek i\u00e7in OPERATOR INTERFACE (ANDROID) ba\u011flant\u0131s\u0131na t\u0131klay\u0131n. Dosyay\u0131 Android tabletten a\u00e7\u0131n ve uygulamay\u0131 y\u00fckleyin. Kullan\u0131c\u0131 hesab\u0131n\u0131zla uygulamaya giri\u015f yap\u0131n. Tablet \u00fczerinde kullan\u0131c\u0131 email adresi ve birimi hat\u0131rlamak\/kaydetmek i\u00e7in uygulama a\u00e7\u0131kken geri tu\u015funa bas\u0131n ve a\u00e7\u0131lan ayarlar penceresinde bilgileri girerek kaydedin.<\/p>\n<p>Tableti kiosk (kilitli) modunda tek bir uygulama \u00e7al\u0131\u015facak \u015fekilde ayarlamak i\u00e7in ayn\u0131 sayfadan MOBILOCK uygulamas\u0131n\u0131 indirin.<\/p>\n<p>Operat\u00f6r aray\u00fcz\u00fcn\u00fc herhangi bir cihaz\u0131n (iPad, laptop, vb.) web taray\u0131c\u0131s\u0131ndan kullanmak i\u00e7in Operat\u00f6r Aray\u00fcz\u00fc sayfas\u0131nda yer alan birimlere sa\u011f t\u0131klay\u0131n ve ba\u011flant\u0131y\u0131 kopyalay\u0131n. Bu ba\u011flant\u0131 (URL) ile herhangi bir web taray\u0131c\u0131dan operat\u00f6r aray\u00fcz\u00fcne ula\u015fabilirsiniz.<\/p>\n<hr \/>\n<h3><strong>\u0130\u015f Emrindeki Operasyon Kay\u0131tlar\u0131n\u0131 Manuel Olarak Eklemek\/D\u00fczenlemek<\/strong><\/h3>\n<hr \/>\n<p>Operat\u00f6r Aray\u00fcz\u00fc ile, bilgileri anl\u0131k (ger\u00e7ek-zamanl\u0131) olarak al\u0131rs\u0131n\u0131z. E\u011fer bu bilgileri sonradan girmek veya d\u00fczenlemek isterseniz <strong>\u00dcretim<\/strong> mod\u00fcl\u00fcn\u00fcn alt\u0131nda yer alan <strong>\u0130\u015f Emirleri<\/strong> sayfas\u0131na girin. D\u00fczenlemek istedi\u011finiz i\u015f emrindeki\u00a0<strong>Eylem<\/strong> men\u00fcs\u00fcn\u00fc a\u00e7\u0131n ve <strong>Operasyon Kay\u0131tlar\u0131<\/strong> se\u00e7ene\u011fine t\u0131klay\u0131n.<\/p>\n<p><img loading=\"lazy\" class=\"alignnone wp-image-11078\" style=\"border: 1px solid #021a40;\" src=\"https:\/\/prodrun.com\/erp\/wp-content\/uploads\/2018\/12\/is_emri_duzenleme.png\" alt=\"\" width=\"500\" height=\"197\" srcset=\"https:\/\/prodrun.com\/erp\/wp-content\/uploads\/2018\/12\/is_emri_duzenleme.png 1047w, https:\/\/prodrun.com\/erp\/wp-content\/uploads\/2018\/12\/is_emri_duzenleme-300x118.png 300w, https:\/\/prodrun.com\/erp\/wp-content\/uploads\/2018\/12\/is_emri_duzenleme-768x303.png 768w, https:\/\/prodrun.com\/erp\/wp-content\/uploads\/2018\/12\/is_emri_duzenleme-1024x404.png 1024w\" sizes=\"(max-width: 500px) 100vw, 500px\" \/><\/p>\n<p><strong>Operasyon Kay\u0131tlar\u0131<\/strong> penceresinde, d\u00fczenlemek istedi\u011finiz operasyonun <strong>Eylem<\/strong> men\u00fcs\u00fcn\u00fc a\u00e7\u0131n ve <strong>D\u00fczenle<\/strong>&#8216;ye t\u0131klay\u0131n. Formdaki bilgileri doldurun ve <strong>G\u00fcncelle<\/strong> butonuna t\u0131klay\u0131n.<\/p>\n<p>Hepsi bu kadar! Prodrun&#8217;a h\u0131zl\u0131 bir giri\u015f i\u00e7in bu ad\u0131mlar\u0131 uygulayabilirsiniz. Devam\u0131 sizin ke\u015fifleriniz ve bizim dok\u00fcmantasyonumuz ile gelecektir. Bize akl\u0131n\u0131za tak\u0131lan her soruyu sorabilirsiniz.<\/p>\n<hr \/>\n<p>Dok\u00fcmantasyona <a href=\"https:\/\/prodrun.com\/erp\/tr\/dokumantasyon\">Geri D\u00f6n<\/a>.<\/p>\n<\/div>\n","protected":false},"excerpt":{"rendered":"<p>Prodrun&#8217;a ilk defa giri\u015f yapt\u0131\u011f\u0131n\u0131zda, hen\u00fcz tan\u0131ml\u0131 herhangi bir \u015fey olmad\u0131\u011f\u0131n\u0131 g\u00f6receksiniz. Sistemi h\u0131zl\u0131 bir \u015fekilde kullanmaya ba\u015flamak i\u00e7in ilk olarak \u00fcr\u00fcn eklemeniz gerekmektedir. \u0130lk \u00dcr\u00fcn\u00fc Eklemek \u00dcr\u00fcnler mod\u00fcl\u00fcn\u00fcn alt\u0131nda yer alan \u00dcr\u00fcn ve Par\u00e7a Listesi\u00a0sayfas\u0131na girin. Yeni Ekle butonuna t\u0131klay\u0131n. Bu sayfada, yukarda 4 tane sekme g\u00f6receksiniz. \u0130lk sekme olan\u00a0Genel Bilgiler\u00a0sekmesinde, Par\u00e7a No k\u0131sm\u0131na&hellip;<\/p>\n","protected":false},"author":1,"featured_media":0,"parent":10844,"menu_order":0,"comment_status":"closed","ping_status":"closed","template":"","meta":[],"_links":{"self":[{"href":"https:\/\/prodrun.com\/erp\/wp-json\/wp\/v2\/pages\/11055"}],"collection":[{"href":"https:\/\/prodrun.com\/erp\/wp-json\/wp\/v2\/pages"}],"about":[{"href":"https:\/\/prodrun.com\/erp\/wp-json\/wp\/v2\/types\/page"}],"author":[{"embeddable":true,"href":"https:\/\/prodrun.com\/erp\/wp-json\/wp\/v2\/users\/1"}],"replies":[{"embeddable":true,"href":"https:\/\/prodrun.com\/erp\/wp-json\/wp\/v2\/comments?post=11055"}],"version-history":[{"count":14,"href":"https:\/\/prodrun.com\/erp\/wp-json\/wp\/v2\/pages\/11055\/revisions"}],"predecessor-version":[{"id":11080,"href":"https:\/\/prodrun.com\/erp\/wp-json\/wp\/v2\/pages\/11055\/revisions\/11080"}],"up":[{"embeddable":true,"href":"https:\/\/prodrun.com\/erp\/wp-json\/wp\/v2\/pages\/10844"}],"wp:attachment":[{"href":"https:\/\/prodrun.com\/erp\/wp-json\/wp\/v2\/media?parent=11055"}],"curies":[{"name":"wp","href":"https:\/\/api.w.org\/{rel}","templated":true}]}}